{"id":16614,"date":"2026-03-16T13:23:30","date_gmt":"2026-03-16T12:23:30","guid":{"rendered":""},"modified":"2026-03-16T13:23:30","modified_gmt":"2026-03-16T12:23:30","slug":"what-is-medusa-and-how-to-use-it-tr","status":"publish","type":"page","link":"https:\/\/evoseedbox.com\/tr\/wiki\/what-is-medusa-and-how-to-use-it-tr\/","title":{"rendered":"Nedir Medusa ve nas\u0131l Use It with Seedbox&#8217;unuz"},"content":{"rendered":"<div style=\"margin:24px 0\"><img decoding=\"async\" src=\"https:\/\/evoseedbox.com\/wp-content\/uploads\/2026\/03\/connect-medusa-rutorrent.png\" alt=\"Diagram showing Medusa and CouchPotato connecting to ruTorrent via XMLRPC for automated TV and movie downloads\" width=\"1200\" style=\"max-width:100%;height:auto;border-radius:8px;box-shadow:0 2px 8px rgba(0,0,0,0.1)\" loading=\"lazy\" title=\"\"><\/div>\n<p>Medusa is an automatic library management app for TV shows. It looks out for the show you want and as soon as a torrent or nzb is mevcut, olacak start downloading it.<\/p>\n<p>Medusa sa\u011flar a wide range of options for you to download the latest TV shows and gives exciting features to manage them.\u00a0<\/p>\n<p><strong>Features:-<\/strong><\/p>\n<ul>\n<li>\n<li>Uses \u2018guess it\u2019s a library to parse and enrich existing info (more precise than regexes)<\/li>\n<\/li>\n<li>\n<li>Faster DailyAray\u0131ner|Backlog|Find propers as we only process new items. Already processed items are discarded.<\/li>\n<\/li>\n<li>\n<li>Better quality explanations and consistent quality code in all threads<\/li>\n<\/li>\n<li>\n<li>Option to clean Kodi library when replacing existing files<\/li>\n<\/li>\n<li>\n<li>Manual search for subtitles<\/li>\n<\/li>\n<li>\n<li>Manual search episodes (you choose what to snatch based on all kind of info: provider, seeds, release group)<\/li>\n<\/li>\n<li>\n<li>See on the fly if your backlogged episodes will be increased\/reduced while changing qualities<\/li>\n<\/li>\n<li>\n<li>Supports TVMaze and TMDB indexers<\/li>\n<\/li>\n<li>\n<li>Postpone Post Processing until Medusa downloads wanted subtitle<\/li>\n<\/li>\n<li>\n<li>Clean up any leftover files\/folders if the media file is deleted<\/li>\n<\/li>\n<li>\n<li>Improved Anime shows support\n<\/li>\n<\/li>\n<\/ul>\n<h3>Nas\u0131l \u0130ndirin the Medusa app on seedbox&#8217;unuz?<\/h3>\n<p>\nAd\u0131m 1: A\u00e7\u0131n your Evoseedbox Dashboard and Scroll to the Apps tab.<\/p>\n<p><img decoding=\"async\" src=\"https:\/\/evoseedbox.com\/wp-content\/uploads\/wiki\/b12f4398ec7b228b.png\" alt=\"What Is Medusa And How To Use It With Seedbox&#039;unuz\" title=\"\"><\/p>\n<p>\nAd\u0131m 2: Find the Medusa app and click on the install d\u00fc\u011fme<\/p>\n<p><img decoding=\"async\" src=\"https:\/\/evoseedbox.com\/wp-content\/uploads\/wiki\/ec4f32d1fa5eedbd.png\" alt=\"What Is Medusa And How To Use It With Seedbox&#039;unuz\" title=\"\"><\/p>\n<h3>Nas\u0131l Set-up Medusa App with a Seedbox?<br \/>\n<\/h3>\n<p>Ad\u0131m 1: A\u00e7\u0131n the Medusa app sizin m\u00fc\u015fteri alan\u0131 and enter seedbox&#8217;unuz kimlik bilgileri in it to log in.<\/p>\n<p><img decoding=\"async\" src=\"https:\/\/evoseedbox.com\/wp-content\/uploads\/wiki\/befd6337c29d0ff6.png\" alt=\"What Is Medusa And How To Use It With Seedbox&#039;unuz\" title=\"\"><\/p>\n<p>Ad\u0131m 2: Medusa Web Ui will open in front of you, it\u2019s like the home page where yapabilirsiniz find all the shows that g\u00f6receksiniz add to it.\u00a0<\/p>\n<p><img decoding=\"async\" src=\"https:\/\/evoseedbox.com\/wp-content\/uploads\/wiki\/abc174bfb1c06ab5.png\" alt=\"What Is Medusa And How To Use It With Seedbox&#039;unuz\" title=\"\"><\/p>\n<p>Ad\u0131m 3: Hover on the shows menu and then click on <strong>add shows<\/strong> option.<\/p>\n<p><img decoding=\"async\" src=\"https:\/\/evoseedbox.com\/wp-content\/uploads\/wiki\/d46654d5e2b637a0.png\" alt=\"What Is Medusa And How To Use It With Seedbox&#039;unuz\" title=\"\"><\/p>\n<p>Step 4: T\u0131klay\u0131n: add shows or if you want to add shows sizin folders click on add existing shows.<\/p>\n<p><img decoding=\"async\" src=\"https:\/\/evoseedbox.com\/wp-content\/uploads\/wiki\/df8a29a8fc1db49c.png\" alt=\"What Is Medusa And How To Use It With Seedbox&#039;unuz\" title=\"\"><\/p>\n<p>Step 5: Let\u2019s select add an existing show, a page with a form will appear. Add your path of directories and click on submit d\u00fc\u011fme.<\/p>\n<p><img decoding=\"async\" src=\"https:\/\/evoseedbox.com\/wp-content\/uploads\/wiki\/6c3a2562133fd05f.png\" alt=\"What Is Medusa And How To Use It With Seedbox&#039;unuz\" title=\"\"><\/p>\n<p>Step 6: Aray\u0131nes the show you want to add and hit enter.<\/p>\n<p><img decoding=\"async\" src=\"https:\/\/evoseedbox.com\/wp-content\/uploads\/wiki\/08ae9381b7fd541b.png\" alt=\"What Is Medusa And How To Use It With Seedbox&#039;unuz\" title=\"\"><\/p>\n<p>Step 7: Se\u00e7in the show and click on add show which will add your show sizin show list.<\/p>\n<p><img decoding=\"async\" src=\"https:\/\/evoseedbox.com\/wp-content\/uploads\/wiki\/e17d1c9ab7e5ba03.png\" alt=\"What Is Medusa And How To Use It With Seedbox&#039;unuz\" title=\"\"><\/p>\n<p>Step 8: T\u0131klay\u0131n: the show and g\u00f6receksiniz see its description and episodes that yapabilirsiniz download.<\/p>\n<p><img decoding=\"async\" src=\"https:\/\/evoseedbox.com\/wp-content\/uploads\/wiki\/f1274f6222717783.png\" alt=\"What Is Medusa And How To Use It With Seedbox&#039;unuz\" title=\"\"><\/p>\n<p><img decoding=\"async\" src=\"https:\/\/evoseedbox.com\/wp-content\/uploads\/wiki\/ba75b426e896d83a.png\" alt=\"What Is Medusa And How To Use It With Seedbox&#039;unuz\" title=\"\"><\/p>\n","protected":false},"excerpt":{"rendered":"<p>Medusa is an automatic library management app for TV shows. It looks out for the show you want and as soon as [&hellip;]<\/p>\n","protected":false},"author":1,"featured_media":0,"parent":15738,"menu_order":0,"comment_status":"closed","ping_status":"closed","template":"","meta":{"footnotes":""},"class_list":["post-16614","page","type-page","status-publish","hentry"],"_links":{"self":[{"href":"https:\/\/evoseedbox.com\/tr\/wp-json\/wp\/v2\/pages\/16614","targetHints":{"allow":["GET"]}}],"collection":[{"href":"https:\/\/evoseedbox.com\/tr\/wp-json\/wp\/v2\/pages"}],"about":[{"href":"https:\/\/evoseedbox.com\/tr\/wp-json\/wp\/v2\/types\/page"}],"author":[{"embeddable":true,"href":"https:\/\/evoseedbox.com\/tr\/wp-json\/wp\/v2\/users\/1"}],"replies":[{"embeddable":true,"href":"https:\/\/evoseedbox.com\/tr\/wp-json\/wp\/v2\/comments?post=16614"}],"version-history":[{"count":0,"href":"https:\/\/evoseedbox.com\/tr\/wp-json\/wp\/v2\/pages\/16614\/revisions"}],"up":[{"embeddable":true,"href":"https:\/\/evoseedbox.com\/tr\/wp-json\/wp\/v2\/pages\/15738"}],"wp:attachment":[{"href":"https:\/\/evoseedbox.com\/tr\/wp-json\/wp\/v2\/media?parent=16614"}],"curies":[{"name":"wp","href":"https:\/\/api.w.org\/{rel}","templated":true}]}}