{"id":16604,"date":"2026-03-16T13:23:30","date_gmt":"2026-03-16T12:23:30","guid":{"rendered":""},"modified":"2026-03-16T13:23:30","modified_gmt":"2026-03-16T12:23:30","slug":"what-is-jdownloader-and-how-to-use-it-tr","status":"publish","type":"page","link":"https:\/\/evoseedbox.com\/tr\/wiki\/what-is-jdownloader-and-how-to-use-it-tr\/","title":{"rendered":"Nedir JDownloader ve nas\u0131l Use It"},"content":{"rendered":"<p>Jdownloader is one of the many apps you get with your evoseedbox. It is growing in popularity right now and with that, many people and users are getting curious about uygulamalication and how to use it.<\/p>\n<p>In the article, we will address the same and then go on to a full guide on how to use Jdownloader with your evoseedbox.\n<\/p>\n<p><strong>What is Jdownloader?<\/strong><br \/>\nJdownloader is an open-source application developed to manage the downloads of files and make the whole process easy and fast.<\/p>\n<p>With a seedbox, yapabilirsiniz use it in 2 different ways:<\/p>\n<ol>\n<li>\n<li>Using J\u0130ndiriner to download files from seedbox&#8217;unuz sizin device. For this, g\u00f6receksiniz need to install the Jdownloader app \u00fczerinde device. Yapabilirsiniz get it from here.<\/li>\n<\/li>\n<li>\n<li>Use J\u0130ndiriner to download dosyalar\u0131 seedbox&#8217;unuz from other servers.\n<\/li>\n<\/li>\n<\/ol>\n<p><strong>Nas\u0131l use Jdownloader?<\/strong><br \/>\nThe first step is to install uygulamalication \u00fczerinde device. E\u011fer are downloading dosyalar\u0131 seedbox&#8217;unuz then go sizin evoseedbox dashboard and install the Jdownloader application.<\/p>\n<p><img decoding=\"async\" src=\"https:\/\/evoseedbox.com\/wp-content\/uploads\/wiki\/0cf87e2b67e6dac9.png\" alt=\"What Is Jdownloader And How To Use It\" title=\"\"><\/p>\n<p>\nOnce it is installed, open uygulama and g\u00f6receksiniz find an interface like this:<\/p>\n<p><img decoding=\"async\" src=\"https:\/\/evoseedbox.com\/wp-content\/uploads\/wiki\/cb38790498df30e0.png\" alt=\"What Is Jdownloader And How To Use It\" title=\"\"><\/p>\n<p>There are a few tabs, let us go through them:<\/p>\n<p><strong>\u0130ndirins:<\/strong>\u00a0All your downloads are shown here<br \/>\n<strong>LinkGrabber:<\/strong>\u00a0All grabbed links and files appear here<br \/>\n<strong>\u0130ndirin Overview:<\/strong>\u00a0Speed and other metrics<br \/>\n<strong>My J\u0130ndiriner settings:<\/strong>\u00a0In the settings tab, g\u00f6receksiniz find the My J\u0130ndiriner menu, which is used for settings for remote access.\n<\/p>\n<p>We are taking the case of downloading files from a remote server to seedbox&#8217;unuz. The principles to download files using J\u0130ndiriner sizin device are going to be the same.<\/p>\n<p>You will need an http link to the file you want to download. In this case, I am using another seedbox, so with Evoseedbox\u2019s HTTP web access, we can get links easily.\n<\/p>\n<p>Once you identify the file you want to download, right-click and select copy the link address option.<\/p>\n<p><img decoding=\"async\" src=\"https:\/\/evoseedbox.com\/wp-content\/uploads\/wiki\/e03b29afe4dbbd2b.png\" alt=\"What Is Jdownloader And How To Use It\" title=\"\"><\/p>\n<p>Now go back sizin J\u0130ndiriner and click on the clipboard d\u00fc\u011fme mevcut in the top-right corner.<\/p>\n<p><img decoding=\"async\" src=\"https:\/\/evoseedbox.com\/wp-content\/uploads\/wiki\/9d3ebf7696927f01.png\" alt=\"What Is Jdownloader And How To Use It\" title=\"\"><\/p>\n<p>\nPaste the copied link here and click on the submit d\u00fc\u011fme.<\/p>\n<p><img decoding=\"async\" src=\"https:\/\/evoseedbox.com\/wp-content\/uploads\/wiki\/7ea0b1dce308d143.png\" alt=\"What Is Jdownloader And How To Use It\" title=\"\"><\/p>\n<p>Now, right-click on the main dashboard and click on add new link.<\/p>\n<p><img decoding=\"async\" src=\"https:\/\/evoseedbox.com\/wp-content\/uploads\/wiki\/3bc2c2a072ed86af.png\" alt=\"What Is Jdownloader And How To Use It\" title=\"\"><\/p>\n<p>\nA pop-up will appear on the screen. Over here you gerekir paste the link. Just right-click and paste.<\/p>\n<p><img decoding=\"async\" src=\"https:\/\/evoseedbox.com\/wp-content\/uploads\/wiki\/db2c57f4c10e412d.png\" alt=\"What Is Jdownloader And How To Use It\" title=\"\"><\/p>\n<p>Yapabilirsiniz change additional details like a folder to download the file in, package name, or comment.<\/p>\n<p>If the link is \u015fifre protected then, you gerekir enter the \u015fifre as well.<\/p>\n<p>Once your details are entered, click on the continue d\u00fc\u011fme.<\/p>\n<p><img decoding=\"async\" src=\"https:\/\/evoseedbox.com\/wp-content\/uploads\/wiki\/6dd8b5b0d18cc1cb.png\" alt=\"What Is Jdownloader And How To Use It\" title=\"\"><\/p>\n<p>Your file is added in the LinkGrabber section. Now right-click on the file and click on\u00a0<strong>start download.<\/strong>\u00a0E\u011fer have multiple links then click on\u00a0<strong>Start all downloads.<\/strong><\/p>\n<p><img decoding=\"async\" src=\"https:\/\/evoseedbox.com\/wp-content\/uploads\/wiki\/e1d229381ca35e5e.png\" alt=\"What Is Jdownloader And How To Use It\" title=\"\"><\/p>\n<p>\nNow, g\u00f6receksiniz be able to see your file being downloaded in the \u201c\u0130ndirins\u201d tab.<\/p>\n<p><img decoding=\"async\" src=\"https:\/\/evoseedbox.com\/wp-content\/uploads\/wiki\/c2aa52b7458a6fda.png\" alt=\"What Is Jdownloader And How To Use It\" title=\"\"><\/p>\n<p>That\u2019s it, your file is successfully downloaded on seedbox&#8217;unuz from another remote server. E\u011fer are not getting the right speed, then head to settings and change some numbers to find the best combination that works for you.<\/p>\n<p>E\u011fer still need help, hit us up using our live chat or raise a ticket.<\/p>\n<p>Happy Seedboxing.<\/p>\n","protected":false},"excerpt":{"rendered":"<p>Jdownloader is one of the many apps you get with your evoseedbox. It is growing in popularity right now and with that, [&hellip;]<\/p>\n","protected":false},"author":1,"featured_media":0,"parent":15738,"menu_order":0,"comment_status":"closed","ping_status":"closed","template":"","meta":{"footnotes":""},"class_list":["post-16604","page","type-page","status-publish","hentry"],"_links":{"self":[{"href":"https:\/\/evoseedbox.com\/tr\/wp-json\/wp\/v2\/pages\/16604","targetHints":{"allow":["GET"]}}],"collection":[{"href":"https:\/\/evoseedbox.com\/tr\/wp-json\/wp\/v2\/pages"}],"about":[{"href":"https:\/\/evoseedbox.com\/tr\/wp-json\/wp\/v2\/types\/page"}],"author":[{"embeddable":true,"href":"https:\/\/evoseedbox.com\/tr\/wp-json\/wp\/v2\/users\/1"}],"replies":[{"embeddable":true,"href":"https:\/\/evoseedbox.com\/tr\/wp-json\/wp\/v2\/comments?post=16604"}],"version-history":[{"count":0,"href":"https:\/\/evoseedbox.com\/tr\/wp-json\/wp\/v2\/pages\/16604\/revisions"}],"up":[{"embeddable":true,"href":"https:\/\/evoseedbox.com\/tr\/wp-json\/wp\/v2\/pages\/15738"}],"wp:attachment":[{"href":"https:\/\/evoseedbox.com\/tr\/wp-json\/wp\/v2\/media?parent=16604"}],"curies":[{"name":"wp","href":"https:\/\/api.w.org\/{rel}","templated":true}]}}