{"id":16204,"date":"2026-03-16T13:23:24","date_gmt":"2026-03-16T12:23:24","guid":{"rendered":""},"modified":"2026-03-16T13:23:24","modified_gmt":"2026-03-16T12:23:24","slug":"how-to-create-torrents-using-rutorrent-tr","status":"publish","type":"page","link":"https:\/\/evoseedbox.com\/tr\/wiki\/how-to-create-torrents-using-rutorrent-tr\/","title":{"rendered":"Nas\u0131l Create Torrents Kullanma: ruTorrent"},"content":{"rendered":"<div style=\"margin:24px 0\"><img decoding=\"async\" src=\"https:\/\/evoseedbox.com\/wp-content\/uploads\/2026\/03\/screenshot-trackers.png\" alt=\"Screenshot of ruTorrent Trackers tab showing connected tracker information and announce status\" width=\"1400\" style=\"max-width:100%;height:auto;border-radius:8px;box-shadow:0 2px 8px rgba(0,0,0,0.15);border:1px solid #333\" loading=\"lazy\" title=\"\"><\/div>\n<p>Did you know that yapabilirsiniz create your own torrents!? Yes, the street goes both ways. Apart from downloading all the content in the world, yapabilirsiniz share torrent files by making your own torrent too.<\/p>\n<p>This feat. can be easily achieved by your ruTorrent client, which is pre-yap\u0131land\u0131r\u0131nd with your Evoseedbox.<\/p>\n<h3><strong>Steps to create torrents using ruTorrent<\/strong><\/h3>\n<h3>Ad\u0131m 1: A\u00e7\u0131n ruTorrent client sizin Evoseedbox\u2019s Client Area<\/h3>\n<p><img decoding=\"async\" src=\"https:\/\/evoseedbox.com\/wp-content\/uploads\/wiki\/a9228068ec5e3f1c.png\" alt=\"How To Create Torrents Using Rutorrent\" title=\"\"><\/p>\n<h3>Ad\u0131m 2: T\u0131klay\u0131n: the flask d\u00fc\u011fme i\u00e7inde ruTorrent.<\/h3>\n<p><img decoding=\"async\" src=\"https:\/\/evoseedbox.com\/wp-content\/uploads\/wiki\/0ca71791969428bc.png\" alt=\"How To Create Torrents Using Rutorrent\" title=\"\"><\/p>\n<h3>Ad\u0131m 3: Inside the pop-up, add the file you want to share den select source d\u00fc\u011fme.<\/h3>\n<p><img decoding=\"async\" src=\"https:\/\/evoseedbox.com\/wp-content\/uploads\/wiki\/16bb536bc43b9ac6.png\" alt=\"How To Create Torrents Using Rutorrent\" title=\"\"><\/p>\n<h3>\nStep 4: T\u0131klay\u0131n: create<\/h3>\n<p><img decoding=\"async\" src=\"https:\/\/evoseedbox.com\/wp-content\/uploads\/wiki\/3b8163f7b5eefefb.png\" alt=\"How To Create Torrents Using Rutorrent\" title=\"\"><\/p>\n<h3>\nStep 5: A console will appear \u00fczerinde screen, click on save to download the .torrent file \u00fczerinde device.<\/h3>\n<p><img decoding=\"async\" src=\"https:\/\/evoseedbox.com\/wp-content\/uploads\/wiki\/b5862d44b36d1be7.png\" alt=\"How To Create Torrents Using Rutorrent\" title=\"\"><\/p>\n<h3>\nStep 6: Using this torrent file, share your original file using the BitTorrent network.<\/h3>\n<p><img decoding=\"async\" src=\"https:\/\/evoseedbox.com\/wp-content\/uploads\/wiki\/62d428d5ea340004.png\" alt=\"How To Create Torrents Using Rutorrent\" title=\"\"><\/p>\n","protected":false},"excerpt":{"rendered":"<p>Did you know that yapabilirsiniz create your own torrents!? Yes, the street goes both ways. Apart from downloading all the content in [&hellip;]<\/p>\n","protected":false},"author":1,"featured_media":0,"parent":15738,"menu_order":0,"comment_status":"closed","ping_status":"closed","template":"","meta":{"footnotes":""},"class_list":["post-16204","page","type-page","status-publish","hentry"],"_links":{"self":[{"href":"https:\/\/evoseedbox.com\/tr\/wp-json\/wp\/v2\/pages\/16204","targetHints":{"allow":["GET"]}}],"collection":[{"href":"https:\/\/evoseedbox.com\/tr\/wp-json\/wp\/v2\/pages"}],"about":[{"href":"https:\/\/evoseedbox.com\/tr\/wp-json\/wp\/v2\/types\/page"}],"author":[{"embeddable":true,"href":"https:\/\/evoseedbox.com\/tr\/wp-json\/wp\/v2\/users\/1"}],"replies":[{"embeddable":true,"href":"https:\/\/evoseedbox.com\/tr\/wp-json\/wp\/v2\/comments?post=16204"}],"version-history":[{"count":0,"href":"https:\/\/evoseedbox.com\/tr\/wp-json\/wp\/v2\/pages\/16204\/revisions"}],"up":[{"embeddable":true,"href":"https:\/\/evoseedbox.com\/tr\/wp-json\/wp\/v2\/pages\/15738"}],"wp:attachment":[{"href":"https:\/\/evoseedbox.com\/tr\/wp-json\/wp\/v2\/media?parent=16204"}],"curies":[{"name":"wp","href":"https:\/\/api.w.org\/{rel}","templated":true}]}}