{"id":16154,"date":"2026-03-16T13:23:24","date_gmt":"2026-03-16T12:23:24","guid":{"rendered":""},"modified":"2026-03-16T16:25:50","modified_gmt":"2026-03-16T13:06:03","slug":"getting-started-with-one-click-installs-tr","status":"publish","type":"page","link":"https:\/\/evoseedbox.com\/tr\/wiki\/getting-started-with-one-click-installs-tr\/","title":{"rendered":"Ba\u015flarken with One-Click Installs"},"content":{"rendered":"<p>Seedbox&#8217;lar pek \u00e7ok \u015feye yeteneklidir. All you gerekir do is yap\u0131land\u0131r\u0131n any app that you want with seedbox&#8217;unuz.<\/p>\n<p>But bu not as easy as it sounds. You gerekir have advanced technical knowledge and practice in SSH. Ayr\u0131ca, whenever something goes wrong, you gerekir look for the error, and of course, come up with a solution to resolve it.<\/p>\n<p>Evoseedbox understands this, therefore, all uygulamas provided in seedbox&#8217;unuz are pre-yap\u0131land\u0131r\u0131nd for you.<\/p>\n<p>All you gerekir do is click on the install d\u00fc\u011fme once and uygulama will connect to seedbox&#8217;unuz.<\/p>\n<h3><strong>Steps to Kurun Apps with one-click<\/strong><\/h3>\n<h3>Ad\u0131m 1: Giri\u015f yap\u0131n to you Evoseedbox\u2019s m\u00fc\u015fteri alan\u0131<\/h3>\n<p><img decoding=\"async\" src=\"https:\/\/evoseedbox.com\/wp-content\/uploads\/wiki\/25a97cb581c513e1.png\" alt=\"Ba\u015flarken With Seedbox One Click Kuruns\" title=\"\"><\/p>\n<h3>\nAd\u0131m 2: Scroll Down and sonunda, g\u00f6receksiniz find uygulamas section.<\/h3>\n<p><img decoding=\"async\" src=\"https:\/\/evoseedbox.com\/wp-content\/uploads\/wiki\/56ac701bf6917a76.png\" alt=\"Ba\u015flarken With Seedbox One Click Kuruns\" title=\"\"><\/p>\n<h3>\nAd\u0131m 3: Find uygulama you want to download using the search bar or scroll down.<\/h3>\n<p><img decoding=\"async\" src=\"https:\/\/evoseedbox.com\/wp-content\/uploads\/wiki\/742fb57afbeb1b4b.png\" alt=\"Ba\u015flarken With Seedbox One Click Kuruns\" title=\"\"><\/p>\n<h3>\nAd\u0131m 4: T\u0131klay\u0131n: the install d\u00fc\u011fme in front of any app you wish to install.<\/h3>\n<p><img decoding=\"async\" src=\"https:\/\/evoseedbox.com\/wp-content\/uploads\/wiki\/cdbce1769170d449.png\" alt=\"Ba\u015flarken With Seedbox One Click Kuruns\" title=\"\"><\/p>\n<h3>\nAd\u0131m 5: Wait for the configuration modules to run and install uygulama.<\/h3>\n<p><img decoding=\"async\" src=\"https:\/\/evoseedbox.com\/wp-content\/uploads\/wiki\/4f09e8ff4ed2383c.png\" alt=\"Ba\u015flarken With Seedbox One Click Kuruns\" title=\"\"><\/p>\n<h3>\nAd\u0131m 6: Your app is installed.<\/h3>\n<p><img decoding=\"async\" src=\"https:\/\/evoseedbox.com\/wp-content\/uploads\/wiki\/35ad8a170c6ca338.png\" alt=\"Ba\u015flarken With Seedbox One Click Kuruns\" title=\"\"><\/p>\n<h3>\nAd\u0131m 7: Scroll up to find all your installed apps and click on A\u00e7\u0131n to launch uygulama.<\/h3>\n<p><img decoding=\"async\" src=\"https:\/\/evoseedbox.com\/wp-content\/uploads\/wiki\/b9ff0f63e885ce13.png\" alt=\"Ba\u015flarken With Seedbox One Click Kuruns\" title=\"\"><\/p>\n<p>\nThat\u2019s all you gerekir do to install any app on seedbox&#8217;unuz. Yapabilirsiniz use the Info d\u00fc\u011fme next to apps to learn more about what an application is used for.<\/p>\n","protected":false},"excerpt":{"rendered":"<p>Seedbox&#8217;lar pek \u00e7ok \u015feye yeteneklidir. All you gerekir do is yap\u0131land\u0131r\u0131n any app that you want with seedbox&#8217;unuz. But bu not as [&hellip;]<\/p>\n","protected":false},"author":1,"featured_media":0,"parent":15738,"menu_order":0,"comment_status":"closed","ping_status":"closed","template":"","meta":{"footnotes":""},"class_list":["post-16154","page","type-page","status-publish","hentry"],"_links":{"self":[{"href":"https:\/\/evoseedbox.com\/tr\/wp-json\/wp\/v2\/pages\/16154","targetHints":{"allow":["GET"]}}],"collection":[{"href":"https:\/\/evoseedbox.com\/tr\/wp-json\/wp\/v2\/pages"}],"about":[{"href":"https:\/\/evoseedbox.com\/tr\/wp-json\/wp\/v2\/types\/page"}],"author":[{"embeddable":true,"href":"https:\/\/evoseedbox.com\/tr\/wp-json\/wp\/v2\/users\/1"}],"replies":[{"embeddable":true,"href":"https:\/\/evoseedbox.com\/tr\/wp-json\/wp\/v2\/comments?post=16154"}],"version-history":[{"count":0,"href":"https:\/\/evoseedbox.com\/tr\/wp-json\/wp\/v2\/pages\/16154\/revisions"}],"up":[{"embeddable":true,"href":"https:\/\/evoseedbox.com\/tr\/wp-json\/wp\/v2\/pages\/15738"}],"wp:attachment":[{"href":"https:\/\/evoseedbox.com\/tr\/wp-json\/wp\/v2\/media?parent=16154"}],"curies":[{"name":"wp","href":"https:\/\/api.w.org\/{rel}","templated":true}]}}