{"id":16004,"date":"2026-03-16T13:22:17","date_gmt":"2026-03-16T12:22:17","guid":{"rendered":""},"modified":"2026-03-16T16:25:51","modified_gmt":"2026-03-16T14:31:11","slug":"beginners-guide-to-nextcloud-tr","status":"publish","type":"page","link":"https:\/\/evoseedbox.com\/tr\/wiki\/beginners-guide-to-nextcloud-tr\/","title":{"rendered":"Nextcloud Ba\u015flang\u0131\u00e7 Rehberi"},"content":{"rendered":"<p>Hey, so you want to use seedbox&#8217;unuz as a cloud sharing platform or to manage files and media remotely? Then this app called Nextcloud is perfect for you!<\/p>\n<p>In this article, we will learn how to use Nextcloud and about the basic features of uygulamalication.<\/p>\n<p>The first step is to install the Nextcloud app. This can be done with just one click sizin evoseedbox dashboard.<\/p>\n<p>Now that your Nextclud app is installed on seedbox&#8217;unuz =, it is time to look inside uygulama.<\/p>\n<p>A\u00e7\u0131n uygulama and g\u00f6receksiniz be asked to log in. Use the FTP kimlik bilgileri given in seedbox&#8217;unuz\u2019s dashboard.\n<\/p>\n<p>Once you sign in, g\u00f6receksiniz find on a window like this:\u00a0<\/p>\n<p><img decoding=\"async\" src=\"https:\/\/evoseedbox.com\/wp-content\/uploads\/wiki\/4c0e14087725263b.png\" alt=\"Beginners Guide To Nextcloud\" title=\"\"><\/p>\n<p>\nLooks nice right? Yapabilirsiniz customize it too. Just scroll down a bit to find the customize d\u00fc\u011fme.<\/p>\n<p><img decoding=\"async\" src=\"https:\/\/evoseedbox.com\/wp-content\/uploads\/wiki\/ed2042f8dd44efae.png\" alt=\"Beginners Guide To Nextcloud\" title=\"\"><\/p>\n<p>A pop-up will appear on the screen. Over here, yapabilirsiniz add widgets like weather, recommended files, etc. yapabilirsiniz even get more widgets den Nextcloud app store.<\/p>\n<p>E\u011fer scroll down a little bit, yapabilirsiniz find many in-build options for the background. E\u011fer do not like the given options, then yapabilirsiniz choose you won as well.<\/p>\n<p><strong>Not:<\/strong>\u00a0The image must be i\u00e7inde Nextcloud space.<\/p>\n<p><img decoding=\"async\" src=\"https:\/\/evoseedbox.com\/wp-content\/uploads\/wiki\/2b3cc5ad692b1905.png\" alt=\"Beginners Guide To Nextcloud\" title=\"\"><\/p>\n<p>Now let us get into the more interesting and useful part of uygulama. File management.<\/p>\n<p>On the top-left side of the dashboard, yapabilirsiniz find the Files icon. T\u0131klay\u0131n: it to manage your files.<\/p>\n<p><img decoding=\"async\" src=\"https:\/\/evoseedbox.com\/wp-content\/uploads\/wiki\/9bf6002ea195da41.png\" alt=\"Beginners Guide To Nextcloud\" title=\"\"><\/p>\n<p>\nBy default, there are some files added sizin account. These are just there to show the usability of uygulama. Plus, these files contain Manual and documentation, if you want to read them.<\/p>\n<p><img decoding=\"async\" src=\"https:\/\/evoseedbox.com\/wp-content\/uploads\/wiki\/4f0b1c3042ff81e2.png\" alt=\"Beginners Guide To Nextcloud\" title=\"\"><\/p>\n<p>\nFrom the \u201c+\u201d d\u00fc\u011fme, yapabilirsiniz add a new document or a new folder or even upload a new file.<\/p>\n<p>Naturally, the file will be uploaded to seedbox&#8217;unuz, as it is the acting server behind uygulamalication.<\/p>\n<p><img decoding=\"async\" src=\"https:\/\/evoseedbox.com\/wp-content\/uploads\/wiki\/b322107aa283bfec.png\" alt=\"Beginners Guide To Nextcloud\" title=\"\"><\/p>\n<p>\nE\u011fer are making a new document then yapabilirsiniz actually use premade templates and edit them.<\/p>\n<p><img decoding=\"async\" src=\"https:\/\/evoseedbox.com\/wp-content\/uploads\/wiki\/7f3735413261b449.png\" alt=\"Beginners Guide To Nextcloud\" title=\"\"><\/p>\n<p><img decoding=\"async\" src=\"https:\/\/evoseedbox.com\/wp-content\/uploads\/wiki\/10690cb930e3e75e.png\" alt=\"Beginners Guide To Nextcloud\" title=\"\"><\/p>\n<p>E\u011fer want to access only media, that is video or images i\u00e7inde Nextcloud app, then yapabilirsiniz use the option of photos, in the main menu.<\/p>\n<p><img decoding=\"async\" src=\"https:\/\/evoseedbox.com\/wp-content\/uploads\/wiki\/fdafb9bada82d939.png\" alt=\"Beginners Guide To Nextcloud\" title=\"\"><\/p>\n<p>There are some pre-added photos and videos to show you how uygulama can be used. Similarly, yapabilirsiniz upload your videos or photos and manage them using the Nextcloud app.\n<\/p>\n<p><strong>Share files directly from Nextcloud.<\/strong><\/p>\n<p>It is really really easy to share files using Nextcloud. Just open the Nextcloud app and find the file you want to share.\u00a0<\/p>\n<p>Let us say, you want to share the Nextclud manual, click on the share icon in it.<\/p>\n<p><img decoding=\"async\" src=\"https:\/\/evoseedbox.com\/wp-content\/uploads\/wiki\/76e41162c160fd58.png\" alt=\"Beginners Guide To Nextcloud\" title=\"\"><\/p>\n<p>\nA sidebar will appear, from here, click on the plus d\u00fc\u011fme to create a sharable link for this document.\n<\/p>\n<p><img decoding=\"async\" src=\"https:\/\/evoseedbox.com\/wp-content\/uploads\/wiki\/764c5ee7aeec899f.png\" alt=\"Beginners Guide To Nextcloud\" title=\"\"><\/p>\n<p>Once the link is created, copy the link and share it with anyone you\u2019d like to share it with. They can access the file and even download it.<\/p>\n<p>E\u011fer want to keep this link secure, click on the 3 dots that appear after the link is created.<\/p>\n<p><img decoding=\"async\" src=\"https:\/\/evoseedbox.com\/wp-content\/uploads\/wiki\/a1d17e2359bc0c9c.png\" alt=\"Beginners Guide To Nextcloud\" title=\"\"><\/p>\n<p>Here, yapabilirsiniz add a \u015fifre to the document link, set an expiration date, add a note to the receiver, or even unshare the document.\n<\/p>\n<p><strong>Adding plugins\/apps to Nextcloud<\/strong><\/p>\n<p>On the top-right corner of uygulamalication, yapabilirsiniz find your user profile menu. From here, click on uygulamas menu.<\/p>\n<p><img decoding=\"async\" src=\"https:\/\/evoseedbox.com\/wp-content\/uploads\/wiki\/c3a260e7f0da159e.png\" alt=\"Beginners Guide To Nextcloud\" title=\"\"><\/p>\n<p>By default, a few apps are added sizin Nextcloud.<\/p>\n<p>On the left-hand side, yapabilirsiniz see a sidebar with many options.<\/p>\n<p><img decoding=\"async\" src=\"https:\/\/evoseedbox.com\/wp-content\/uploads\/wiki\/b0ab0983debfed7e.png\" alt=\"Beginners Guide To Nextcloud\" title=\"\"><\/p>\n<p>These are different categories mevcut for apps. Yapabilirsiniz find whichever app suits your needs and add it sizin Nextcloud account.<\/p>\n<p>In this case, we are taking the Analytics app as an example.\u00a0<\/p>\n<p>Gidin: the dashboard app category, and the first app you\u2019ll find is analytics.<\/p>\n<p>T\u0131klay\u0131n: the \u201c\u0130ndirin and Enable\u201d d\u00fc\u011fme to add your app.<\/p>\n<p><img decoding=\"async\" src=\"https:\/\/evoseedbox.com\/wp-content\/uploads\/wiki\/0cf3c71753b7f5c2.png\" alt=\"Beginners Guide To Nextcloud\" title=\"\"><\/p>\n<p>It will ask you to enter the \u015fifre, the same \u015fifre you kullan\u0131l\u0131r log in to the Nextcloud app.<\/p>\n<p>Yapabilirsiniz see the analytics app is installed.<\/p>\n<p><img decoding=\"async\" src=\"https:\/\/evoseedbox.com\/wp-content\/uploads\/wiki\/bf51e91573b2cc35.png\" alt=\"Beginners Guide To Nextcloud\" title=\"\"><\/p>\n<p><strong>Adding a new user\/group to Nextcloud<\/strong><\/p>\n<p>What if you want to add a new user sizin account? With Nextcloud yapabilirsiniz do it with a few steps.<\/p>\n<p>On the top-right section, click \u00fczerinde account and then click on the \u201cUsers\u201d tab den menu.<\/p>\n<p><img decoding=\"async\" src=\"https:\/\/evoseedbox.com\/wp-content\/uploads\/wiki\/dec7f2b28d7a089f.png\" alt=\"Beginners Guide To Nextcloud\" title=\"\"><\/p>\n<p>You will be able to see all the existing users from here and basic information like their kullan\u0131c\u0131 ad\u0131, group to which they belong, and space allocated to them.<\/p>\n<p>On the left sidebar, yapabilirsiniz see a d\u00fc\u011fme to add a new user. T\u0131klay\u0131n: it.<\/p>\n<p>Then g\u00f6receksiniz be asked to put down basic information about the user.<\/p>\n<p><img decoding=\"async\" src=\"https:\/\/evoseedbox.com\/wp-content\/uploads\/wiki\/8a358c573dda90ac.png\" alt=\"Beginners Guide To Nextcloud\" title=\"\"><\/p>\n<p>Once you have added the info, click on the blue \u201ctick\u201d d\u00fc\u011fme to save the user. A new user is created.<\/p>\n<p>E\u011fer want to remove or disable a user, then click on the 3 dots beside and user and select any action you want to perform.<\/p>\n<p><img decoding=\"async\" src=\"https:\/\/evoseedbox.com\/wp-content\/uploads\/wiki\/680ac89c79f99de5.png\" alt=\"Beginners Guide To Nextcloud\" title=\"\"><\/p>\n<p><strong>Tracking activity in the Nextcloud app.<\/strong><\/p>\n<p>E\u011fer are the admin, then you need to be aware of all the things that are happening i\u00e7inde Nextcloud account.<\/p>\n<p>Just click on the \u201cActivity\u201d tab den top-left menu and yapabilirsiniz see all the activities.<\/p>\n<p><img decoding=\"async\" src=\"https:\/\/evoseedbox.com\/wp-content\/uploads\/wiki\/34310e4871eecc98.png\" alt=\"Beginners Guide To Nextcloud\" title=\"\"><\/p>\n<p>That covers all the basic usage of the Nextclooud application. Once you start using it, you find out how powerful it really is.<\/p>\n<p>And in case you have stuck anywhere, just hit us up using the chat or raise a ticket.<\/p>\n<p>We will guide you through.<\/p>\n","protected":false},"excerpt":{"rendered":"<p>Hey, so you want to use seedbox&#8217;unuz as a cloud sharing platform or to manage files and media remotely? Then this app [&hellip;]<\/p>\n","protected":false},"author":1,"featured_media":0,"parent":15738,"menu_order":0,"comment_status":"closed","ping_status":"closed","template":"","meta":{"footnotes":""},"class_list":["post-16004","page","type-page","status-publish","hentry"],"_links":{"self":[{"href":"https:\/\/evoseedbox.com\/tr\/wp-json\/wp\/v2\/pages\/16004","targetHints":{"allow":["GET"]}}],"collection":[{"href":"https:\/\/evoseedbox.com\/tr\/wp-json\/wp\/v2\/pages"}],"about":[{"href":"https:\/\/evoseedbox.com\/tr\/wp-json\/wp\/v2\/types\/page"}],"author":[{"embeddable":true,"href":"https:\/\/evoseedbox.com\/tr\/wp-json\/wp\/v2\/users\/1"}],"replies":[{"embeddable":true,"href":"https:\/\/evoseedbox.com\/tr\/wp-json\/wp\/v2\/comments?post=16004"}],"version-history":[{"count":0,"href":"https:\/\/evoseedbox.com\/tr\/wp-json\/wp\/v2\/pages\/16004\/revisions"}],"up":[{"embeddable":true,"href":"https:\/\/evoseedbox.com\/tr\/wp-json\/wp\/v2\/pages\/15738"}],"wp:attachment":[{"href":"https:\/\/evoseedbox.com\/tr\/wp-json\/wp\/v2\/media?parent=16004"}],"curies":[{"name":"wp","href":"https:\/\/api.w.org\/{rel}","templated":true}]}}