{"id":15994,"date":"2026-03-16T13:22:16","date_gmt":"2026-03-16T12:22:16","guid":{"rendered":""},"modified":"2026-03-16T13:22:16","modified_gmt":"2026-03-16T12:22:16","slug":"setting-up-irssi-with-rutorrent-tr","status":"publish","type":"page","link":"https:\/\/evoseedbox.com\/tr\/wiki\/setting-up-irssi-with-rutorrent-tr\/","title":{"rendered":"ruTorrent ile autodl-irssi Kurulumu"},"content":{"rendered":"<p>What is Autodl-Irssi?<br \/>\nAutodl-Irssi is a plugin for web based torrent clients (such as rutorrent) which allows users to yap\u0131land\u0131r\u0131n a bot to idle on the Torrentleech IRC server and automatically download torrents when they are announced. This allows users to grab releases as soon as they become mevcut to maximise seed time.<\/p>\n<p>Autodl-Irssi is often installed by default on Seedbox slots, the best way to check if it is installed \u00fczerinde box is to look for the configuration icon withi\u00e7inde web based client, which looks like the following<\/p>\n<p><img decoding=\"async\" src=\"https:\/\/evoseedbox.com\/wp-content\/uploads\/wiki\/822f2bcd33fa388b.PNG\" alt=\"Setting Up Irssi With Rutorrent\" title=\"\"><\/p>\n<p>\nFigure 1: The Autodl-Irssi configuration icon<\/p>\n<p>If yapabilirsiniznot see this icon, g\u00f6receksiniz need to speak sizin Seedbox provider to see if they can install it sizin slot.<\/p>\n<p>Once yapabilirsiniz see the icon shown above in Figure 1, we will need to do the following:<\/p>\n<p>Enable RSS for use with your Torrentleech user account &amp; yap\u0131land\u0131r\u0131n Autodl-Irssi with your Torrentleech RSS key Configure a \u201cWatch Folder\u201d kullan\u0131l\u0131r save announced torrents Configure the Torrentleech IRC server &amp; channel for your Seedbox to connect to Configure filters<\/p>\n<p>Enable RSS &amp; yap\u0131land\u0131r\u0131n Autodl-Irssi with your Torrentleech RSS key To use Autodl-Irssi with your Torrentleech account g\u00f6receksiniz first need to enable RSS access. This can be done by navigating sizin Torrentleech profile page, selecting \u201cEdit Profile\u201d, and ticking the \u201cEnable RSS Access\u201d box under \u201cRSS Options\u201d:<\/p>\n<p>Figure 2: Enabling RSS within a user\u2019s profile pageOnce enabled, your unique Torrentleech RSS key will be visible. Bu what identifies you to the tracker, and should not be shared:<\/p>\n<p>Figure 3: The RSS key generated by the server<br \/>\nShould the key become known to another user, or you need it resetting, simply tick the \u201cS\u0131f\u0131rlay\u0131n RSS Access Key\u201d shown above in Figure 3, and click the Kaydedin d\u00fc\u011fme.<\/p>\n<p>Once you have enabled RSS, we now need to enter the RSS key shown in Figure 3 in to Autodl-Irssi. To do this, login sizin web based torrent client, click on the Autodl-Irssi configuration icon (shown in Figure 1), and select \u201cTrackers\u201d:<\/p>\n<p>Figure 4: Showing the Autodl-Irssi \u201cTrackers\u201d option<br \/>\nSe\u00e7in Torrentleech den list shown, and paste the RSS link shown withi\u00e7inde Torrentleech profile (similar to that in Figure 3), and set the \u201cDelay\u201d field to 5:<\/p>\n<p><img decoding=\"async\" src=\"https:\/\/evoseedbox.com\/wp-content\/uploads\/wiki\/37899eb377a6baef.png\" alt=\"Setting Up Irssi With Rutorrent\" title=\"\"><\/p>\n<p><img decoding=\"async\" src=\"https:\/\/evoseedbox.com\/wp-content\/uploads\/wiki\/8b4a7dfc8adf5ba5.png\" alt=\"Setting Up Irssi With Rutorrent\" title=\"\"><\/p>\n<p>\nFigure 6: Showing the Preferences option<br \/>\nNavigate to the \u201cAction\u201d tab, and then specify a directory \u00fczerinde Seedbox slot that you have write permissions. ( The \/torrents\/watch folder is the default watch folder):\n<\/p>\n<p><img decoding=\"async\" src=\"http:\/\/kb.evoseedbox.com\/attachments\/showing-the-preferences-option-png.13\/\" alt=\"Setting Up Irssi With Rutorrent\" title=\"\"><\/p>\n<p>Figure 7: Showing the configuration of the \u201cWatch Folder\u201d<br \/>\nClick the \u201cOK\u201d d\u00fc\u011fme, and then select \u201cIRC Servers\u201d den Autodl-Irssi configuration icon:<br \/>\nFigure 8: Showing the IRC Servers option<br \/>\nConfigure the IRC Server settings<br \/>\nBu the section of the program where we yap\u0131land\u0131r\u0131n the IRC server that Autodl-Irssi will connect to.<\/p>\n<p>Figure 9: Showing the IRC Servers configuration options<br \/>\nT\u0131klay\u0131n: the \u201cNew\u201d d\u00fc\u011fme located at the bottom left of this box, and then specify the following details..<\/p>\n<p>Server \u2013 irc.torrentleech.org<br \/>\nPort: \u2013 7011<br \/>\nNick: \u2013 nickname_bot (where nickname is your Torrentleech kullan\u0131c\u0131 ad\u0131)<br \/>\nT\u0131klay\u0131n: the \u201cNew\u201d d\u00fc\u011fme located under the IRC Channel section of this box, and enter<\/p>\n<p>Channel: #tlannounces<\/p>\n<p>Figure 10: Showing the required Autodl-Irssi options for connecting to the Torrentleech IRC server Note that should you wish to use SSL, change the port to 7021 and tick the \u201cSSL\u201d box, however we recommend using a standard connection during the initial configuration so that you don\u2019t gerekir troubleshoot SSL should anything go wrong for you.<\/p>\n<p>T\u0131klay\u0131n: the \u201cOK\u201d d\u00fc\u011fme, and the Seedbox will then connect to the Torrentleech IRC server, bu verified by the Autodl-Irssi logs &amp; by doing a \/whois botnickname whilst on the IRC server:<\/p>\n<p><img decoding=\"async\" src=\"http:\/\/kb.evoseedbox.com\/attachments\/showing-the-required-autodl-irssi-options-for-connecting-to-the-torrentleech-irc-server-png.16\/\" alt=\"Setting Up Irssi With Rutorrent\" title=\"\"><\/p>\n<p>These options are as follows:<\/p>\n<p>Display name: Bu the name of the filter and should be something meaningful so yapabilirsiniz identify what this filter is for, we will use \u201cHow I Met Your Mother\u201d here,<br \/>\nMatch releases: Bu the match syntax, so to match \u201cHow I Met Your Mother\u201d, we enter \u201cHow*I*Met*Your*Mother\u201d<br \/>\nExcept releases: Enter any exceptions to these releases, for example if you don\u2019t want 720p releases then enter \u201c720p\u201d in this box<br \/>\nMatch sites: Click this d\u00fc\u011fme and select \u201cTorrentleech\u201d den list of trackers in the list:\n<\/p>\n<p><img decoding=\"async\" src=\"http:\/\/kb.evoseedbox.com\/attachments\/click-this-d\u00fc\u011fme-and-select-%E2%80%9Ctorrentleech-png.9\/\" alt=\"Setting Up Irssi With Rutorrent\" title=\"\"><\/p>\n","protected":false},"excerpt":{"rendered":"<p>What is Autodl-Irssi? Autodl-Irssi is a plugin for web based torrent clients (such as rutorrent) which allows users to yap\u0131land\u0131r\u0131n a bot [&hellip;]<\/p>\n","protected":false},"author":1,"featured_media":0,"parent":15738,"menu_order":0,"comment_status":"closed","ping_status":"closed","template":"","meta":{"footnotes":""},"class_list":["post-15994","page","type-page","status-publish","hentry"],"_links":{"self":[{"href":"https:\/\/evoseedbox.com\/tr\/wp-json\/wp\/v2\/pages\/15994","targetHints":{"allow":["GET"]}}],"collection":[{"href":"https:\/\/evoseedbox.com\/tr\/wp-json\/wp\/v2\/pages"}],"about":[{"href":"https:\/\/evoseedbox.com\/tr\/wp-json\/wp\/v2\/types\/page"}],"author":[{"embeddable":true,"href":"https:\/\/evoseedbox.com\/tr\/wp-json\/wp\/v2\/users\/1"}],"replies":[{"embeddable":true,"href":"https:\/\/evoseedbox.com\/tr\/wp-json\/wp\/v2\/comments?post=15994"}],"version-history":[{"count":0,"href":"https:\/\/evoseedbox.com\/tr\/wp-json\/wp\/v2\/pages\/15994\/revisions"}],"up":[{"embeddable":true,"href":"https:\/\/evoseedbox.com\/tr\/wp-json\/wp\/v2\/pages\/15738"}],"wp:attachment":[{"href":"https:\/\/evoseedbox.com\/tr\/wp-json\/wp\/v2\/media?parent=15994"}],"curies":[{"name":"wp","href":"https:\/\/api.w.org\/{rel}","templated":true}]}}