{"id":15934,"date":"2026-03-16T13:22:16","date_gmt":"2026-03-16T12:22:16","guid":{"rendered":""},"modified":"2026-03-16T16:25:51","modified_gmt":"2026-03-16T12:22:16","slug":"how-to-use-your-seedbox-dashboard-tr","status":"publish","type":"page","link":"https:\/\/evoseedbox.com\/tr\/wiki\/how-to-use-your-seedbox-dashboard-tr\/","title":{"rendered":"Seedbox Kontrol Panelinizi Nas\u0131l Kullan\u0131rs\u0131n\u0131z"},"content":{"rendered":"<div style=\"margin:24px 0\"><img decoding=\"async\" src=\"https:\/\/evoseedbox.com\/wp-content\/uploads\/2026\/03\/screenshot-general.png\" alt=\"Screenshot of ruTorrent General tab showing torrent transfer stats including indirme h\u0131z\u0131, upload speed, share ratio, tracker URL, file path, and disk space\" width=\"1400\" style=\"max-width:100%;height:auto;border-radius:8px;box-shadow:0 2px 8px rgba(0,0,0,0.15);border:1px solid #333\" loading=\"lazy\" title=\"\"><\/div>\n<div style=\"margin:24px 0\"><img decoding=\"async\" src=\"https:\/\/evoseedbox.com\/wp-content\/uploads\/2026\/03\/seedbox-dashboard-layout.png\" alt=\"Annotated diagram of Evoseedbox dashboard showing kimlik bilgileri, web access, server info, and installed apps sections\" width=\"1200\" style=\"max-width:100%;height:auto;border-radius:8px;box-shadow:0 2px 8px rgba(0,0,0,0.1)\" loading=\"lazy\" title=\"\"><\/div>\n<p>The seedbox control dashboard is the place from where yapabilirsiniz access seedbox&#8217;unuz. Yapabilirsiniz add\/ remove apps, use rutorrent , monitor seedbox&#8217;unuz.Bu makale arac\u0131l\u0131\u011f\u0131yla we\u2019ll guide you how to use seedbox dashboard.<\/p>\n<ul>\n<li>\n<li>Yapabilirsiniz access your dashboard using the link and \u015fifre provided in the Welcome to Evoseedbox email.\n<p>Giri\u015f penceresi a\u015fa\u011f\u0131da g\u00f6sterilmi\u015ftir:<\/li>\n<\/li>\n<\/ul>\n<p><img decoding=\"async\" src=\"https:\/\/evoseedbox.com\/wp-content\/uploads\/wiki\/62e4b45c8cab611e.png\" alt=\"How To Use Seedbox&#039;unuz Dashboard\" title=\"\"><\/p>\n<p>\nEnter your login kimlik bilgileri as provided in the email and press on log-in<\/p>\n<p>Ba\u015far\u0131l\u0131 login, g\u00f6receksiniz see the m\u00fc\u015fteri alan\u0131 where yapabilirsiniz see the overview of your account. Details like a number of services, product quotes, support tickets opened, and invoices provided in the m\u00fc\u015fteri alan\u0131.<\/p>\n<p><img decoding=\"async\" src=\"https:\/\/evoseedbox.com\/wp-content\/uploads\/wiki\/fbfc8a6f135b99ca.png\" alt=\"How To Use Seedbox&#039;unuz Dashboard\" title=\"\"><\/p>\n<p>\nT\u0131klay\u0131n: the services tab to open the currently mevcut services and click on the service status to open the desired service.<\/p>\n<p><img decoding=\"async\" src=\"https:\/\/evoseedbox.com\/wp-content\/uploads\/wiki\/9455e8d1a95ce508.png\" alt=\"How To Use Seedbox&#039;unuz Dashboard\" title=\"\"><\/p>\n<p>\nThe next window that you see is the dashboard of seedbox&#8217;unuz where yapabilirsiniz look and access \u00a0various details sizin plan \u00a0to the HDD quota and other useful information<\/p>\n<ul>\n<li>\n<li>Y\u00fckleyin data limit details.<\/li>\n<\/li>\n<\/ul>\n<p><img decoding=\"async\" src=\"https:\/\/evoseedbox.com\/wp-content\/uploads\/wiki\/2029f21a5e746b6f.png\" alt=\"How To Use Seedbox&#039;unuz Dashboard\" title=\"\"><\/p>\n<ul>\n<li>\n<li>\u00a0Setting up Electorrent \u2013 Guide to setup electorrent \u00fczerinde PC connected to rutorrent on the seedbox so that yapabilirsiniz manage your torrents without explicitly accessing rutorrent.<\/li>\n<\/li>\n<\/ul>\n<p><img decoding=\"async\" src=\"https:\/\/evoseedbox.com\/wp-content\/uploads\/wiki\/4eb169a226555bc3.png\" alt=\"How To Use Seedbox&#039;unuz Dashboard\" title=\"\"><\/p>\n<p><img decoding=\"async\" src=\"https:\/\/evoseedbox.com\/wp-content\/uploads\/wiki\/fa12d561d5247729.png\" alt=\"How To Use Seedbox&#039;unuz Dashboard\" title=\"\"><\/p>\n<ul>\n<li>\n<li>Accessing your control panel.<\/li>\n<ul>\n<li>\n<li><strong>FTP details<\/strong><\/li>\n<ul>\n<li>\n<li>Username<\/li>\n<\/li>\n<li>\n<li>Password<\/li>\n<\/li>\n<li>\n<li>SFTP\/FTP port<\/li>\n<\/li>\n<li>\n<li>FTP client \u2013\u00a0Yapabilirsiniz download LFTP client for seedbox access by clicking on the download d\u00fc\u011fme.<\/li>\n<\/li>\n<li>\n<li>Hostname<\/li>\n<\/li>\n<\/ul>\n<\/li>\n<\/ul>\n<\/li>\n<\/ul>\n<p><img decoding=\"async\" src=\"https:\/\/evoseedbox.com\/wp-content\/uploads\/wiki\/a00166d824943fa7.jpg\" alt=\"How To Use Seedbox&#039;unuz Dashboard\" title=\"\"><\/p>\n<p>\n<strong>Ru-torrent<\/strong><\/p>\n<ul>\n<li>\n<li>Upgrade\/Downgrade \u2013\u00a0Used for plan upgrade and downgrade.<\/li>\n<\/li>\n<li>\n<li>HDD Quota \u2013\u00a0Gives details about the current HDD usage.<\/li>\n<\/li>\n<li>\n<li>A\u00e7\u0131n\/ Yeniden ba\u015flat\u0131n rutorrent\u00a0<\/li>\n<\/li>\n<li>\n<li>S\u0131f\u0131rlay\u0131n IRSSI \u2013\u00a0Used for any error pertaining to torrent download<\/li>\n<\/li>\n<li>\n<li>S\u0131f\u0131rlay\u0131n Session \u2013\u00a0S\u0131f\u0131rlay\u0131ns rutorrent which clears currently added torrents<\/li>\n<\/li>\n<li>\n<li>Change Password \u2013 Used for resetting Rutorrent \u015fifre.<\/li>\n<\/li>\n<\/ul>\n<p><img decoding=\"async\" src=\"https:\/\/evoseedbox.com\/wp-content\/uploads\/wiki\/e83fb8935a74c66e.jpg\" alt=\"How To Use Seedbox&#039;unuz Dashboard\" title=\"\"><\/p>\n<ul>\n<li>\n<li><strong>Web Access:<\/strong>It sa\u011flar all the methods by which yapabilirsiniz access the dosyalar\u0131 the seedbox do\u011frudan bilgisayar\u0131n\u0131zdan.<\/li>\n<ul>\n<li>\n<li>File Manager \u2013\u00a0A\u00e7\u0131ns file gator file manager<\/li>\n<\/li>\n<li>\n<li>Direct HTTP access \u2013\u00a0Provides direct browser-based HTTP access to seedbox&#8217;unuz.<\/li>\n<\/li>\n<li>\n<li>Direct FTP access \u2013 \u00a0Provides FTP client-based access to seedbox&#8217;unuz. In our current plans, Filezilla and lftp(Winscp) are being offered.\n<\/li>\n<\/li>\n<\/ul>\n<\/li>\n<li>\n<li><strong>Google Drive:<\/strong>\u00a0\u00a0Bu d\u00fc\u011fme is used o setup google drive for uploading files from seedbox sizin google drive.<\/li>\n<\/li>\n<\/ul>\n<p><img decoding=\"async\" src=\"https:\/\/evoseedbox.com\/wp-content\/uploads\/wiki\/a884a17b0c0bafb1.png\" alt=\"How To Use Seedbox&#039;unuz Dashboard\" title=\"\"><\/p>\n<p><strong>Kuruned Apps:\u00a0<\/strong>It lists and sa\u011flar access to the installed apps.Yapabilirsiniz ayr\u0131ca restart and remove uygulamas from this section itself.\u00a0<\/p>\n<p><img decoding=\"async\" src=\"https:\/\/evoseedbox.com\/wp-content\/uploads\/wiki\/4dcfe4829ea632a1.jpg\" alt=\"How To Use Seedbox&#039;unuz Dashboard\" title=\"\"><\/p>\n<p>\n<strong>Help\/Knowledge Base:<\/strong>\u00a0A\u00e7\u0131ns the starters guide to Evoseedbox. It gets you along with the basics of rutorrent , Apps Tutorials, and common error fixes.<\/p>\n<p><img decoding=\"async\" src=\"https:\/\/evoseedbox.com\/wp-content\/uploads\/wiki\/df4c9a3446bba933.png\" alt=\"How To Use Seedbox&#039;unuz Dashboard\" title=\"\"><\/p>\n<p>\n<strong>Apps Section:<\/strong>\u00a0It sa\u011flar all uygulamas mevcut i\u00e7inde plan and yapabilirsiniz install any app with one-click.Yapabilirsiniz ayr\u0131ca search for an using the search section. It ayr\u0131ca has options to install, reinstall, and uninstall uygulama while keeping the config and removing the existing config.<br \/>\nYapabilirsiniz ayr\u0131ca update uygulama from here just with one-click. E\u011fer want to back-up the existing config yapabilirsiniz do so by clicking on the back-up option.<\/p>\n<p><img decoding=\"async\" src=\"https:\/\/evoseedbox.com\/wp-content\/uploads\/wiki\/f6fb6af45f43b35c.png\" alt=\"How To Use Seedbox&#039;unuz Dashboard\" title=\"\"><\/p>\n<p>\nBasic Seedbox details:<\/p>\n<ul>\n<li>\n<li>Registration Date<\/li>\n<\/li>\n<li>\n<li>Package<\/li>\n<\/li>\n<li>\n<li>Server<\/li>\n<\/li>\n<li>\n<li>Billing cycle<\/li>\n<\/li>\n<li>\n<li>Status<\/li>\n<\/li>\n<li>\n<li>Payment method<\/li>\n<\/li>\n<li>\n<li>Next due date<\/li>\n<\/li>\n<\/ul>\n<p><img decoding=\"async\" src=\"https:\/\/evoseedbox.com\/wp-content\/uploads\/wiki\/88ab70efd7d188a7.png\" alt=\"How To Use Seedbox&#039;unuz Dashboard\" title=\"\"><\/p>\n<p>\n<strong>Services Tab<\/strong>: It lists all the services mevcut and yapabilirsiniz ayr\u0131ca order new services from here.<\/p>\n<p><img decoding=\"async\" src=\"https:\/\/evoseedbox.com\/wp-content\/uploads\/wiki\/961349406e9d4afa.png\" alt=\"How To Use Seedbox&#039;unuz Dashboard\" title=\"\"><\/p>\n<p>\n<strong>Billing Tab<\/strong>: It sa\u011flar details of all the invoices, your quotes, \u00a0mass payment and payment methods. Yapabilirsiniz ayr\u0131ca add funds from here.<\/p>\n<p><img decoding=\"async\" src=\"https:\/\/evoseedbox.com\/wp-content\/uploads\/wiki\/c1d788e6e7e18d20.png\" alt=\"How To Use Seedbox&#039;unuz Dashboard\" title=\"\"><\/p>\n<p><strong>Support Tab<\/strong>\u00a0: \u00a0From this tab yapabilirsiniz see the status of all the tickets raised .See the latest announcements and refer to our knowledge base for guidance. Yapabilirsiniz ayr\u0131ca see the network status and downloads.<\/p>\n<p><img decoding=\"async\" src=\"https:\/\/evoseedbox.com\/wp-content\/uploads\/wiki\/53f39ba309646b1e.png\" alt=\"How To Use Seedbox&#039;unuz Dashboard\" title=\"\"><\/p>\n<p>\n<strong>A\u00e7\u0131n Ticket<\/strong>: From \u00a0here yapabilirsiniz raise \u00a0a ticket if you have any technical issue or a billing related query or a general customer support query.<\/p>\n<p><img decoding=\"async\" src=\"https:\/\/evoseedbox.com\/wp-content\/uploads\/wiki\/05a3e59590e97269.png\" alt=\"How To Use Seedbox&#039;unuz Dashboard\" title=\"\"><\/p>\n<p><img decoding=\"async\" src=\"https:\/\/evoseedbox.com\/wp-content\/uploads\/wiki\/d3dbe222e10f1e2d.png\" alt=\"How To Use Seedbox&#039;unuz Dashboard\" title=\"\"><\/p>\n","protected":false},"excerpt":{"rendered":"<p>The seedbox control dashboard is the place from where yapabilirsiniz access seedbox&#8217;unuz. Yapabilirsiniz add\/ remove apps, use rutorrent , monitor seedbox&#8217;unuz.Bu makale [&hellip;]<\/p>\n","protected":false},"author":1,"featured_media":0,"parent":15738,"menu_order":0,"comment_status":"closed","ping_status":"closed","template":"","meta":{"footnotes":""},"class_list":["post-15934","page","type-page","status-publish","hentry"],"_links":{"self":[{"href":"https:\/\/evoseedbox.com\/tr\/wp-json\/wp\/v2\/pages\/15934","targetHints":{"allow":["GET"]}}],"collection":[{"href":"https:\/\/evoseedbox.com\/tr\/wp-json\/wp\/v2\/pages"}],"about":[{"href":"https:\/\/evoseedbox.com\/tr\/wp-json\/wp\/v2\/types\/page"}],"author":[{"embeddable":true,"href":"https:\/\/evoseedbox.com\/tr\/wp-json\/wp\/v2\/users\/1"}],"replies":[{"embeddable":true,"href":"https:\/\/evoseedbox.com\/tr\/wp-json\/wp\/v2\/comments?post=15934"}],"version-history":[{"count":0,"href":"https:\/\/evoseedbox.com\/tr\/wp-json\/wp\/v2\/pages\/15934\/revisions"}],"up":[{"embeddable":true,"href":"https:\/\/evoseedbox.com\/tr\/wp-json\/wp\/v2\/pages\/15738"}],"wp:attachment":[{"href":"https:\/\/evoseedbox.com\/tr\/wp-json\/wp\/v2\/media?parent=15934"}],"curies":[{"name":"wp","href":"https:\/\/api.w.org\/{rel}","templated":true}]}}