{"id":16152,"date":"2026-03-16T13:23:24","date_gmt":"2026-03-16T12:23:24","guid":{"rendered":""},"modified":"2026-03-16T16:25:50","modified_gmt":"2026-03-16T13:06:03","slug":"getting-started-with-one-click-installs-pt-pt","status":"publish","type":"page","link":"https:\/\/evoseedbox.com\/pt-pt\/wiki\/getting-started-with-one-click-installs-pt-pt\/","title":{"rendered":"Primeiros passos with One-Click Installs"},"content":{"rendered":"<p>Seedboxes s\u00e3o capazes de muitas coisas. All you tem que do is configurar any app that you want with sua seedbox.<\/p>\n<p>But isto \u00e9 not as f\u00e1cil quanto parece. You tem que have avan\u00e7ado conhecimento t\u00e9cnico and practice in SSH. Tamb\u00e9m, whenever something goes wrong, you tem que look for the error, and of course, come up with a solution to resolve it.<\/p>\n<p>Evoseedbox understands this, portanto, all o aplicativos provided in sua seedbox are pre-configurard for you.<\/p>\n<p>All you tem que do is click on the install bot\u00e3o once and o aplicativo will conectar to sua seedbox.<\/p>\n<h3><strong>Steps to Instalar Apps with one-click<\/strong><\/h3>\n<h3>Passo 1: Entrar to you Evoseedbox\u2019s \u00e1rea do cliente<\/h3>\n<p><img decoding=\"async\" src=\"https:\/\/evoseedbox.com\/wp-content\/uploads\/wiki\/25a97cb581c513e1.png\" alt=\"Primeiros passos With Seedbox One Click Instalars\" title=\"\"><\/p>\n<h3>\nPasso 2: Scroll Down and no final, you encontrar\u00e1 o aplicativos section.<\/h3>\n<p><img decoding=\"async\" src=\"https:\/\/evoseedbox.com\/wp-content\/uploads\/wiki\/56ac701bf6917a76.png\" alt=\"Primeiros passos With Seedbox One Click Instalars\" title=\"\"><\/p>\n<h3>\nPasso 3: Find o aplicativo you quer download using the search bar or role para baixo.<\/h3>\n<p><img decoding=\"async\" src=\"https:\/\/evoseedbox.com\/wp-content\/uploads\/wiki\/742fb57afbeb1b4b.png\" alt=\"Primeiros passos With Seedbox One Click Instalars\" title=\"\"><\/p>\n<h3>\nPasso 4: Clique em the install bot\u00e3o in front of any app you wish to install.<\/h3>\n<p><img decoding=\"async\" src=\"https:\/\/evoseedbox.com\/wp-content\/uploads\/wiki\/cdbce1769170d449.png\" alt=\"Primeiros passos With Seedbox One Click Instalars\" title=\"\"><\/p>\n<h3>\nPasso 5: Wait for the configuration modules to run and install o aplicativo.<\/h3>\n<p><img decoding=\"async\" src=\"https:\/\/evoseedbox.com\/wp-content\/uploads\/wiki\/4f09e8ff4ed2383c.png\" alt=\"Primeiros passos With Seedbox One Click Instalars\" title=\"\"><\/p>\n<h3>\nPasso 6: Your app is installed.<\/h3>\n<p><img decoding=\"async\" src=\"https:\/\/evoseedbox.com\/wp-content\/uploads\/wiki\/35ad8a170c6ca338.png\" alt=\"Primeiros passos With Seedbox One Click Instalars\" title=\"\"><\/p>\n<h3>\nPasso 7: Role para cima to find all your installed apps and click on Abrir to launch o aplicativo.<\/h3>\n<p><img decoding=\"async\" src=\"https:\/\/evoseedbox.com\/wp-content\/uploads\/wiki\/b9ff0f63e885ce13.png\" alt=\"Primeiros passos With Seedbox One Click Instalars\" title=\"\"><\/p>\n<p>\nThat\u2019s all you tem que do to install any app on sua seedbox. Voc\u00ea pode use the Info bot\u00e3o next to apps to learn more about what um aplicativolication is usado para.<\/p>\n","protected":false},"excerpt":{"rendered":"<p>Seedboxes s\u00e3o capazes de muitas coisas. All you tem que do is configurar any app that you want with sua seedbox. But [&hellip;]<\/p>\n","protected":false},"author":1,"featured_media":0,"parent":15738,"menu_order":0,"comment_status":"closed","ping_status":"closed","template":"","meta":{"footnotes":""},"class_list":["post-16152","page","type-page","status-publish","hentry"],"_links":{"self":[{"href":"https:\/\/evoseedbox.com\/pt-pt\/wp-json\/wp\/v2\/pages\/16152","targetHints":{"allow":["GET"]}}],"collection":[{"href":"https:\/\/evoseedbox.com\/pt-pt\/wp-json\/wp\/v2\/pages"}],"about":[{"href":"https:\/\/evoseedbox.com\/pt-pt\/wp-json\/wp\/v2\/types\/page"}],"author":[{"embeddable":true,"href":"https:\/\/evoseedbox.com\/pt-pt\/wp-json\/wp\/v2\/users\/1"}],"replies":[{"embeddable":true,"href":"https:\/\/evoseedbox.com\/pt-pt\/wp-json\/wp\/v2\/comments?post=16152"}],"version-history":[{"count":0,"href":"https:\/\/evoseedbox.com\/pt-pt\/wp-json\/wp\/v2\/pages\/16152\/revisions"}],"up":[{"embeddable":true,"href":"https:\/\/evoseedbox.com\/pt-pt\/wp-json\/wp\/v2\/pages\/15738"}],"wp:attachment":[{"href":"https:\/\/evoseedbox.com\/pt-pt\/wp-json\/wp\/v2\/media?parent=16152"}],"curies":[{"name":"wp","href":"https:\/\/api.w.org\/{rel}","templated":true}]}}