{"id":16002,"date":"2026-03-16T13:22:17","date_gmt":"2026-03-16T12:22:17","guid":{"rendered":""},"modified":"2026-03-16T16:25:51","modified_gmt":"2026-03-16T14:31:11","slug":"beginners-guide-to-nextcloud-pt-pt","status":"publish","type":"page","link":"https:\/\/evoseedbox.com\/pt-pt\/wiki\/beginners-guide-to-nextcloud-pt-pt\/","title":{"rendered":"Guia para iniciantes do Nextcloud"},"content":{"rendered":"<p>Hey, so you quer use sua seedbox as a cloud sharing platform or to manage files and media remotely? Then este aplicativo called Pr\u00f3ximocloud is perfect for you!<\/p>\n<p>In this article, we will learn how to use Pr\u00f3ximocloud and about the basic features of o aplicativolication.<\/p>\n<p>The first step is to install the Pr\u00f3ximocloud app. This can be done with just one click do seu evoseedbox dashboard.<\/p>\n<p>Now that your Pr\u00f3ximoclud app is installed on sua seedbox =, it is time to look inside o aplicativo.<\/p>\n<p>Abrir o aplicativo and you ser\u00e1 solicitado to log in. Use the FTP credenciais given in sua seedbox\u2019s dashboard.\n<\/p>\n<p>Once you sign in, you encontrar\u00e1 on a window like this:\u00a0<\/p>\n<p><img decoding=\"async\" src=\"https:\/\/evoseedbox.com\/wp-content\/uploads\/wiki\/4c0e14087725263b.png\" alt=\"Beginners Guide To Pr\u00f3ximocloud\" title=\"\"><\/p>\n<p>\nLooks nice right? Voc\u00ea pode customize it too. Just role para baixo a bit to find the customize bot\u00e3o.<\/p>\n<p><img decoding=\"async\" src=\"https:\/\/evoseedbox.com\/wp-content\/uploads\/wiki\/ed2042f8dd44efae.png\" alt=\"Beginners Guide To Pr\u00f3ximocloud\" title=\"\"><\/p>\n<p>A pop-up will appear on the screen. Over here, voc\u00ea pode add widgets like weather, recommended files, etc. voc\u00ea pode even get more widgets do Pr\u00f3ximocloud app store.<\/p>\n<p>Se voc\u00ea role para baixo a little bit, voc\u00ea pode find many in-build options for the background. Se voc\u00ea do not like the given options, then voc\u00ea pode choose you won as well.<\/p>\n<p><strong>Nota:<\/strong>\u00a0The image must be no seu Pr\u00f3ximocloud space.<\/p>\n<p><img decoding=\"async\" src=\"https:\/\/evoseedbox.com\/wp-content\/uploads\/wiki\/2b3cc5ad692b1905.png\" alt=\"Beginners Guide To Pr\u00f3ximocloud\" title=\"\"><\/p>\n<p>Now let us get inpara o more interesting and useful part of o aplicativo. File management.<\/p>\n<p>On the top-left side of the dashboard, voc\u00ea pode find the Files icon. Clique em it to manage your files.<\/p>\n<p><img decoding=\"async\" src=\"https:\/\/evoseedbox.com\/wp-content\/uploads\/wiki\/9bf6002ea195da41.png\" alt=\"Beginners Guide To Pr\u00f3ximocloud\" title=\"\"><\/p>\n<p>\nBy default, there are some files added para o seu account. These are just there to show the usability of o aplicativo. Plus, these files contain Manual and documentation, if you quer read them.<\/p>\n<p><img decoding=\"async\" src=\"https:\/\/evoseedbox.com\/wp-content\/uploads\/wiki\/4f0b1c3042ff81e2.png\" alt=\"Beginners Guide To Pr\u00f3ximocloud\" title=\"\"><\/p>\n<p>\nFrom the \u201c+\u201d bot\u00e3o, voc\u00ea pode add a new document or a new folder or even upload a new file.<\/p>\n<p>Naturally, the file will be uploaded to sua seedbox, as it is the acting server behind o aplicativolication.<\/p>\n<p><img decoding=\"async\" src=\"https:\/\/evoseedbox.com\/wp-content\/uploads\/wiki\/b322107aa283bfec.png\" alt=\"Beginners Guide To Pr\u00f3ximocloud\" title=\"\"><\/p>\n<p>\nSe voc\u00ea are making a new document then voc\u00ea pode actually use premade templates and edit them.<\/p>\n<p><img decoding=\"async\" src=\"https:\/\/evoseedbox.com\/wp-content\/uploads\/wiki\/7f3735413261b449.png\" alt=\"Beginners Guide To Pr\u00f3ximocloud\" title=\"\"><\/p>\n<p><img decoding=\"async\" src=\"https:\/\/evoseedbox.com\/wp-content\/uploads\/wiki\/10690cb930e3e75e.png\" alt=\"Beginners Guide To Pr\u00f3ximocloud\" title=\"\"><\/p>\n<p>Se voc\u00ea quer acessar only media, that is video or images no seu Pr\u00f3ximocloud app, then voc\u00ea pode use the option of photos, in the main menu.<\/p>\n<p><img decoding=\"async\" src=\"https:\/\/evoseedbox.com\/wp-content\/uploads\/wiki\/fdafb9bada82d939.png\" alt=\"Beginners Guide To Pr\u00f3ximocloud\" title=\"\"><\/p>\n<p>There are some pre-added photos and videos to show you how o aplicativo can be used. Similarly, voc\u00ea pode upload your videos or photos and manage them using the Pr\u00f3ximocloud app.\n<\/p>\n<p><strong>Share files directly from Pr\u00f3ximocloud.<\/strong><\/p>\n<p>It is really really easy to share files using Pr\u00f3ximocloud. Just open the Pr\u00f3ximocloud app and find the file you quer share.\u00a0<\/p>\n<p>Let us say, you quer share the Pr\u00f3ximoclud manual, click on the share icon in it.<\/p>\n<p><img decoding=\"async\" src=\"https:\/\/evoseedbox.com\/wp-content\/uploads\/wiki\/76e41162c160fd58.png\" alt=\"Beginners Guide To Pr\u00f3ximocloud\" title=\"\"><\/p>\n<p>\nA sidebar will appear, from here, click on the plus bot\u00e3o to create a sharable link for this document.\n<\/p>\n<p><img decoding=\"async\" src=\"https:\/\/evoseedbox.com\/wp-content\/uploads\/wiki\/764c5ee7aeec899f.png\" alt=\"Beginners Guide To Pr\u00f3ximocloud\" title=\"\"><\/p>\n<p>Once the link is created, copy the link and share it with anyone you\u2019d like to share it with. They can acessar the file and even download it.<\/p>\n<p>Se voc\u00ea quer keep this link secure, click on the 3 dots that appear after the link is created.<\/p>\n<p><img decoding=\"async\" src=\"https:\/\/evoseedbox.com\/wp-content\/uploads\/wiki\/a1d17e2359bc0c9c.png\" alt=\"Beginners Guide To Pr\u00f3ximocloud\" title=\"\"><\/p>\n<p>Here, voc\u00ea pode add a senha para o document link, set an expiration date, add a note para o receiver, or even unshare the document.\n<\/p>\n<p><strong>Adding plugins\/apps to Pr\u00f3ximocloud<\/strong><\/p>\n<p>On the top-right corner of o aplicativolication, voc\u00ea pode find your user profile menu. From here, click on o aplicativos menu.<\/p>\n<p><img decoding=\"async\" src=\"https:\/\/evoseedbox.com\/wp-content\/uploads\/wiki\/c3a260e7f0da159e.png\" alt=\"Beginners Guide To Pr\u00f3ximocloud\" title=\"\"><\/p>\n<p>By default, a few apps are added para o seu Pr\u00f3ximocloud.<\/p>\n<p>On the left-hand side, voc\u00ea pode see a sidebar with many options.<\/p>\n<p><img decoding=\"async\" src=\"https:\/\/evoseedbox.com\/wp-content\/uploads\/wiki\/b0ab0983debfed7e.png\" alt=\"Beginners Guide To Pr\u00f3ximocloud\" title=\"\"><\/p>\n<p>These are different categories dispon\u00edvel for apps. Voc\u00ea pode find whichever app suits your needs and add it para o seu Pr\u00f3ximocloud account.<\/p>\n<p>In this case, we are taking the Analytics app as an example.\u00a0<\/p>\n<p>V\u00e1 para the dashboard app category, and the first app you\u2019ll find is analytics.<\/p>\n<p>Clique em the \u201cBaixar and Enable\u201d bot\u00e3o to add your app.<\/p>\n<p><img decoding=\"async\" src=\"https:\/\/evoseedbox.com\/wp-content\/uploads\/wiki\/0cf3c71753b7f5c2.png\" alt=\"Beginners Guide To Pr\u00f3ximocloud\" title=\"\"><\/p>\n<p>Vai ask you to enter the senha, the same senha you usado para log in para o Pr\u00f3ximocloud app.<\/p>\n<p>Voc\u00ea pode see the analytics app is installed.<\/p>\n<p><img decoding=\"async\" src=\"https:\/\/evoseedbox.com\/wp-content\/uploads\/wiki\/bf51e91573b2cc35.png\" alt=\"Beginners Guide To Pr\u00f3ximocloud\" title=\"\"><\/p>\n<p><strong>Adding a new user\/group to Pr\u00f3ximocloud<\/strong><\/p>\n<p>What if you quer add a new user para o seu account? With Pr\u00f3ximocloud voc\u00ea pode do it with a few steps.<\/p>\n<p>On the top-right section, click no seu account and then click on the \u201cUsers\u201d tab do menu.<\/p>\n<p><img decoding=\"async\" src=\"https:\/\/evoseedbox.com\/wp-content\/uploads\/wiki\/dec7f2b28d7a089f.png\" alt=\"Beginners Guide To Pr\u00f3ximocloud\" title=\"\"><\/p>\n<p>Voc\u00ea vai be able to see all the existing users from here and basic information like their nome de usu\u00e1rio, group to which they belong, and space allocated para om.<\/p>\n<p>On the left sidebar, voc\u00ea pode see a bot\u00e3o to add a new user. Clique em it.<\/p>\n<p>Then you ser\u00e1 solicitado to put down basic information about the user.<\/p>\n<p><img decoding=\"async\" src=\"https:\/\/evoseedbox.com\/wp-content\/uploads\/wiki\/8a358c573dda90ac.png\" alt=\"Beginners Guide To Pr\u00f3ximocloud\" title=\"\"><\/p>\n<p>Assim que tiver added the info, click on the blue \u201ctick\u201d bot\u00e3o to save the user. A new user is created.<\/p>\n<p>Se voc\u00ea quer remove or disable a user, then click on the 3 dots beside and user and select any action you quer perform.<\/p>\n<p><img decoding=\"async\" src=\"https:\/\/evoseedbox.com\/wp-content\/uploads\/wiki\/680ac89c79f99de5.png\" alt=\"Beginners Guide To Pr\u00f3ximocloud\" title=\"\"><\/p>\n<p><strong>Tracking activity in the Pr\u00f3ximocloud app.<\/strong><\/p>\n<p>Se voc\u00ea are the admin, then you precisa be aware of all the things that are happening no seu Pr\u00f3ximocloud account.<\/p>\n<p>Just click on the \u201cActivity\u201d tab do top-left menu and voc\u00ea pode see all the activities.<\/p>\n<p><img decoding=\"async\" src=\"https:\/\/evoseedbox.com\/wp-content\/uploads\/wiki\/34310e4871eecc98.png\" alt=\"Beginners Guide To Pr\u00f3ximocloud\" title=\"\"><\/p>\n<p>That covers all the basic usage of the Pr\u00f3ximoclooud application. Once you start using it, you find out how powerful it really is.<\/p>\n<p>And in case you have stuck anywhere, just hit us up using the chat or raise a ticket.<\/p>\n<p>We will guide you through.<\/p>\n","protected":false},"excerpt":{"rendered":"<p>Hey, so you quer use sua seedbox as a cloud sharing platform or to manage files and media remotely? Then este aplicativo [&hellip;]<\/p>\n","protected":false},"author":1,"featured_media":0,"parent":15738,"menu_order":0,"comment_status":"closed","ping_status":"closed","template":"","meta":{"footnotes":""},"class_list":["post-16002","page","type-page","status-publish","hentry"],"_links":{"self":[{"href":"https:\/\/evoseedbox.com\/pt-pt\/wp-json\/wp\/v2\/pages\/16002","targetHints":{"allow":["GET"]}}],"collection":[{"href":"https:\/\/evoseedbox.com\/pt-pt\/wp-json\/wp\/v2\/pages"}],"about":[{"href":"https:\/\/evoseedbox.com\/pt-pt\/wp-json\/wp\/v2\/types\/page"}],"author":[{"embeddable":true,"href":"https:\/\/evoseedbox.com\/pt-pt\/wp-json\/wp\/v2\/users\/1"}],"replies":[{"embeddable":true,"href":"https:\/\/evoseedbox.com\/pt-pt\/wp-json\/wp\/v2\/comments?post=16002"}],"version-history":[{"count":0,"href":"https:\/\/evoseedbox.com\/pt-pt\/wp-json\/wp\/v2\/pages\/16002\/revisions"}],"up":[{"embeddable":true,"href":"https:\/\/evoseedbox.com\/pt-pt\/wp-json\/wp\/v2\/pages\/15738"}],"wp:attachment":[{"href":"https:\/\/evoseedbox.com\/pt-pt\/wp-json\/wp\/v2\/media?parent=16002"}],"curies":[{"name":"wp","href":"https:\/\/api.w.org\/{rel}","templated":true}]}}