{"id":15932,"date":"2026-03-16T13:22:16","date_gmt":"2026-03-16T12:22:16","guid":{"rendered":""},"modified":"2026-03-16T16:25:51","modified_gmt":"2026-03-16T12:22:16","slug":"how-to-use-your-seedbox-dashboard-pt-pt","status":"publish","type":"page","link":"https:\/\/evoseedbox.com\/pt-pt\/wiki\/how-to-use-your-seedbox-dashboard-pt-pt\/","title":{"rendered":"Como usar o painel da sua Seedbox"},"content":{"rendered":"<div style=\"margin:24px 0\"><img decoding=\"async\" src=\"https:\/\/evoseedbox.com\/wp-content\/uploads\/2026\/03\/screenshot-general.png\" alt=\"Screenshot of ruTorrent General tab showing torrent transfer stats including velocidade de download, upload speed, share ratio, tracker URL, file path, and disk space\" width=\"1400\" style=\"max-width:100%;height:auto;border-radius:8px;box-shadow:0 2px 8px rgba(0,0,0,0.15);border:1px solid #333\" loading=\"lazy\" title=\"\"><\/div>\n<div style=\"margin:24px 0\"><img decoding=\"async\" src=\"https:\/\/evoseedbox.com\/wp-content\/uploads\/2026\/03\/seedbox-dashboard-layout.png\" alt=\"Annotated diagram of Evoseedbox dashboard showing credenciais, web acessar, server info, and installed apps sections\" width=\"1200\" style=\"max-width:100%;height:auto;border-radius:8px;box-shadow:0 2px 8px rgba(0,0,0,0.1)\" loading=\"lazy\" title=\"\"><\/div>\n<p>The seedbox control dashboard is the place from where voc\u00ea pode acessar sua seedbox. Voc\u00ea pode add\/ remove apps, use rutorrent , monitor sua seedbox.Atrav\u00e9s deste artigo we\u2019ll guide you how to use seedbox dashboard.<\/p>\n<ul>\n<li>\n<li>Voc\u00ea pode acessar your dashboard using the link and senha provided in the Welcome to Evoseedbox email.\n<p>A janela de login \u00e9 mostrada abaixo:<\/li>\n<\/li>\n<\/ul>\n<p><img decoding=\"async\" src=\"https:\/\/evoseedbox.com\/wp-content\/uploads\/wiki\/62e4b45c8cab611e.png\" alt=\"How To Use Sua Seedbox Dashboard\" title=\"\"><\/p>\n<p>\nEnter your login credenciais as provided in the email and press on log-in<\/p>\n<p>Ap\u00f3s o sucesso login, voc\u00ea vai see the \u00e1rea do cliente where voc\u00ea pode see the overview of your account. Details like a number of services, product quotes, support tickets opened, and invoices provided in the \u00e1rea do cliente.<\/p>\n<p><img decoding=\"async\" src=\"https:\/\/evoseedbox.com\/wp-content\/uploads\/wiki\/fbfc8a6f135b99ca.png\" alt=\"How To Use Sua Seedbox Dashboard\" title=\"\"><\/p>\n<p>\nClique em the services tab to open the currently dispon\u00edvel services and click on the service status to open the desired service.<\/p>\n<p><img decoding=\"async\" src=\"https:\/\/evoseedbox.com\/wp-content\/uploads\/wiki\/9455e8d1a95ce508.png\" alt=\"How To Use Sua Seedbox Dashboard\" title=\"\"><\/p>\n<p>\nThe pr\u00f3xima janela that you see is the dashboard of sua seedbox where voc\u00ea pode look and acessar \u00a0various details do seu plan \u00a0para o HDD quota and other useful information<\/p>\n<ul>\n<li>\n<li>Enviar data limit details.<\/li>\n<\/li>\n<\/ul>\n<p><img decoding=\"async\" src=\"https:\/\/evoseedbox.com\/wp-content\/uploads\/wiki\/2029f21a5e746b6f.png\" alt=\"How To Use Sua Seedbox Dashboard\" title=\"\"><\/p>\n<ul>\n<li>\n<li>\u00a0Setting up Electorrent \u2013 Guia para configurar electorrent no seu PC conectared to rutorrent on the seedbox so that voc\u00ea pode manage your torrents without explicitly acessaring rutorrent.<\/li>\n<\/li>\n<\/ul>\n<p><img decoding=\"async\" src=\"https:\/\/evoseedbox.com\/wp-content\/uploads\/wiki\/4eb169a226555bc3.png\" alt=\"How To Use Sua Seedbox Dashboard\" title=\"\"><\/p>\n<p><img decoding=\"async\" src=\"https:\/\/evoseedbox.com\/wp-content\/uploads\/wiki\/fa12d561d5247729.png\" alt=\"How To Use Sua Seedbox Dashboard\" title=\"\"><\/p>\n<ul>\n<li>\n<li>Accessing your control panel.<\/li>\n<ul>\n<li>\n<li><strong>FTP details<\/strong><\/li>\n<ul>\n<li>\n<li>Username<\/li>\n<\/li>\n<li>\n<li>Password<\/li>\n<\/li>\n<li>\n<li>SFTP\/FTP port<\/li>\n<\/li>\n<li>\n<li>FTP client \u2013\u00a0Voc\u00ea pode download LFTP client for seedbox acessar by clicking on the download bot\u00e3o.<\/li>\n<\/li>\n<li>\n<li>Hostname<\/li>\n<\/li>\n<\/ul>\n<\/li>\n<\/ul>\n<\/li>\n<\/ul>\n<p><img decoding=\"async\" src=\"https:\/\/evoseedbox.com\/wp-content\/uploads\/wiki\/a00166d824943fa7.jpg\" alt=\"How To Use Sua Seedbox Dashboard\" title=\"\"><\/p>\n<p>\n<strong>Ru-torrent<\/strong><\/p>\n<ul>\n<li>\n<li>Upgrade\/Downgrade \u2013\u00a0Used for plan upgrade and downgrade.<\/li>\n<\/li>\n<li>\n<li>HDD Quota \u2013\u00a0Gives details about the current HDD usage.<\/li>\n<\/li>\n<li>\n<li>Abrir\/ Reiniciar rutorrent\u00a0<\/li>\n<\/li>\n<li>\n<li>Redefinir IRSSI \u2013\u00a0Used for any error pertaining to torrent download<\/li>\n<\/li>\n<li>\n<li>Redefinir Session \u2013\u00a0Redefinirs rutorrent which clears currently added torrents<\/li>\n<\/li>\n<li>\n<li>Change Password \u2013 Used for resetting Rutorrent senha.<\/li>\n<\/li>\n<\/ul>\n<p><img decoding=\"async\" src=\"https:\/\/evoseedbox.com\/wp-content\/uploads\/wiki\/e83fb8935a74c66e.jpg\" alt=\"How To Use Sua Seedbox Dashboard\" title=\"\"><\/p>\n<ul>\n<li>\n<li><strong>Web Access:<\/strong>It fornece all the m\u00e9todos pelos quais voc\u00ea pode acessar the arquivos no the seedbox diretamente da sua m\u00e1quina.<\/li>\n<ul>\n<li>\n<li>Gerenciador de Arquivos \u2013\u00a0Abrirs file gator gerenciador de arquivos<\/li>\n<\/li>\n<li>\n<li>Direct HTTP acessar \u2013\u00a0Provides direct browser-based HTTP acessar to sua seedbox.<\/li>\n<\/li>\n<li>\n<li>Direct FTP acessar \u2013 \u00a0Provides FTP client-based acessar to sua seedbox. In our current plans, Filezilla and lftp(Winscp) are being offered.\n<\/li>\n<\/li>\n<\/ul>\n<\/li>\n<li>\n<li><strong>Google Drive:<\/strong>\u00a0\u00a0Este bot\u00e3o is used o setup google drive for uploading files from seedbox para o seu google drive.<\/li>\n<\/li>\n<\/ul>\n<p><img decoding=\"async\" src=\"https:\/\/evoseedbox.com\/wp-content\/uploads\/wiki\/a884a17b0c0bafb1.png\" alt=\"How To Use Sua Seedbox Dashboard\" title=\"\"><\/p>\n<p><strong>Instalared Apps:\u00a0<\/strong>It lists and fornece acessar para o installed apps.Voc\u00ea pode tamb\u00e9m restart and remove o aplicativos from esta se\u00e7\u00e3o itself.\u00a0<\/p>\n<p><img decoding=\"async\" src=\"https:\/\/evoseedbox.com\/wp-content\/uploads\/wiki\/4dcfe4829ea632a1.jpg\" alt=\"How To Use Sua Seedbox Dashboard\" title=\"\"><\/p>\n<p>\n<strong>Help\/Knowledge Base:<\/strong>\u00a0Abrirs the starters guia para Evoseedbox. It gets you along with the basics of rutorrent , Apps Tutorials, and common error fixes.<\/p>\n<p><img decoding=\"async\" src=\"https:\/\/evoseedbox.com\/wp-content\/uploads\/wiki\/df4c9a3446bba933.png\" alt=\"How To Use Sua Seedbox Dashboard\" title=\"\"><\/p>\n<p>\n<strong>Apps Section:<\/strong>\u00a0It fornece all o aplicativos dispon\u00edvel no seu plan and voc\u00ea pode install any app with one-click.Voc\u00ea pode tamb\u00e9m search for an using the search section. It tamb\u00e9m has options to install, reinstalar, and desinstalar o aplicativo while mantendo a configura\u00e7\u00e3o and removing the existing config.<br \/>\nVoc\u00ea pode tamb\u00e9m update o aplicativo from here just with one-click. Se voc\u00ea quer back-up the existing config voc\u00ea pode do so by clicking on the back-up option.<\/p>\n<p><img decoding=\"async\" src=\"https:\/\/evoseedbox.com\/wp-content\/uploads\/wiki\/f6fb6af45f43b35c.png\" alt=\"How To Use Sua Seedbox Dashboard\" title=\"\"><\/p>\n<p>\nBasic Seedbox details:<\/p>\n<ul>\n<li>\n<li>Registration Date<\/li>\n<\/li>\n<li>\n<li>Package<\/li>\n<\/li>\n<li>\n<li>Server<\/li>\n<\/li>\n<li>\n<li>Billing cycle<\/li>\n<\/li>\n<li>\n<li>Status<\/li>\n<\/li>\n<li>\n<li>Payment method<\/li>\n<\/li>\n<li>\n<li>Pr\u00f3ximo due date<\/li>\n<\/li>\n<\/ul>\n<p><img decoding=\"async\" src=\"https:\/\/evoseedbox.com\/wp-content\/uploads\/wiki\/88ab70efd7d188a7.png\" alt=\"How To Use Sua Seedbox Dashboard\" title=\"\"><\/p>\n<p>\n<strong>Services Tab<\/strong>: It lists all the services dispon\u00edvel and voc\u00ea pode tamb\u00e9m order new services from here.<\/p>\n<p><img decoding=\"async\" src=\"https:\/\/evoseedbox.com\/wp-content\/uploads\/wiki\/961349406e9d4afa.png\" alt=\"How To Use Sua Seedbox Dashboard\" title=\"\"><\/p>\n<p>\n<strong>Billing Tab<\/strong>: It fornece details of all the invoices, your quotes, \u00a0mass payment and payment methods. Voc\u00ea pode tamb\u00e9m adicionar fundos from here.<\/p>\n<p><img decoding=\"async\" src=\"https:\/\/evoseedbox.com\/wp-content\/uploads\/wiki\/c1d788e6e7e18d20.png\" alt=\"How To Use Sua Seedbox Dashboard\" title=\"\"><\/p>\n<p><strong>Support Tab<\/strong>\u00a0: \u00a0From this tab voc\u00ea pode see the status of all the tickets raised .See the latest announcements and refer to our knowledge base for guidance. Voc\u00ea pode tamb\u00e9m see the status da rede and downloads.<\/p>\n<p><img decoding=\"async\" src=\"https:\/\/evoseedbox.com\/wp-content\/uploads\/wiki\/53f39ba309646b1e.png\" alt=\"How To Use Sua Seedbox Dashboard\" title=\"\"><\/p>\n<p>\n<strong>Abrir Ticket<\/strong>: From \u00a0here voc\u00ea pode raise \u00a0a ticket if you have any technical issue or a billing related query or a general customer support query.<\/p>\n<p><img decoding=\"async\" src=\"https:\/\/evoseedbox.com\/wp-content\/uploads\/wiki\/05a3e59590e97269.png\" alt=\"How To Use Sua Seedbox Dashboard\" title=\"\"><\/p>\n<p><img decoding=\"async\" src=\"https:\/\/evoseedbox.com\/wp-content\/uploads\/wiki\/d3dbe222e10f1e2d.png\" alt=\"How To Use Sua Seedbox Dashboard\" title=\"\"><\/p>\n","protected":false},"excerpt":{"rendered":"<p>The seedbox control dashboard is the place from where voc\u00ea pode acessar sua seedbox. Voc\u00ea pode add\/ remove apps, use rutorrent , [&hellip;]<\/p>\n","protected":false},"author":1,"featured_media":0,"parent":15738,"menu_order":0,"comment_status":"closed","ping_status":"closed","template":"","meta":{"footnotes":""},"class_list":["post-15932","page","type-page","status-publish","hentry"],"_links":{"self":[{"href":"https:\/\/evoseedbox.com\/pt-pt\/wp-json\/wp\/v2\/pages\/15932","targetHints":{"allow":["GET"]}}],"collection":[{"href":"https:\/\/evoseedbox.com\/pt-pt\/wp-json\/wp\/v2\/pages"}],"about":[{"href":"https:\/\/evoseedbox.com\/pt-pt\/wp-json\/wp\/v2\/types\/page"}],"author":[{"embeddable":true,"href":"https:\/\/evoseedbox.com\/pt-pt\/wp-json\/wp\/v2\/users\/1"}],"replies":[{"embeddable":true,"href":"https:\/\/evoseedbox.com\/pt-pt\/wp-json\/wp\/v2\/comments?post=15932"}],"version-history":[{"count":0,"href":"https:\/\/evoseedbox.com\/pt-pt\/wp-json\/wp\/v2\/pages\/15932\/revisions"}],"up":[{"embeddable":true,"href":"https:\/\/evoseedbox.com\/pt-pt\/wp-json\/wp\/v2\/pages\/15738"}],"wp:attachment":[{"href":"https:\/\/evoseedbox.com\/pt-pt\/wp-json\/wp\/v2\/media?parent=15932"}],"curies":[{"name":"wp","href":"https:\/\/api.w.org\/{rel}","templated":true}]}}