{"id":15922,"date":"2026-03-16T13:22:16","date_gmt":"2026-03-16T12:22:16","guid":{"rendered":""},"modified":"2026-03-16T16:25:50","modified_gmt":"2026-03-16T12:22:16","slug":"rutorrent-getting-started-pt-pt","status":"publish","type":"page","link":"https:\/\/evoseedbox.com\/pt-pt\/wiki\/rutorrent-getting-started-pt-pt\/","title":{"rendered":"ruTorrent \u2013 Como come\u00e7ar"},"content":{"rendered":"<div style=\"margin:24px 0\"><img decoding=\"async\" src=\"https:\/\/evoseedbox.com\/wp-content\/uploads\/2026\/03\/screenshot-rutorrent.png\" alt=\"Screenshot of ruTorrent interface web showing torrent list, status bar, sidebar with views, state, labels, search, feeds, and trackers\" width=\"1400\" style=\"max-width:100%;height:auto;border-radius:8px;box-shadow:0 2px 8px rgba(0,0,0,0.15);border:1px solid #333\" loading=\"lazy\" title=\"\"><\/div>\n<p>Neste tutorial, I will explain you basics of using Rutorrent.<\/p>\n<p>Topics covered will be:<\/p>\n<p>1. What is rutorrent?<br \/>\n2. Como load up the rutorrent interface in evoseedbox?<br \/>\n3. Adding torrents to rutorrent<br \/>\n4. Removing torrents in rutorrent<\/p>\n<p>I have been using seedboxes for past 10 years, I have personally tried various different programs and come para o conclusion that rutorrent is one of the most user-friendly application as a front end to seedboxes. Keep in mind this document will be constantly updated based on user inputs queries and doubts the idea is to make your experience smooth and make your learning curve as small as possible<\/p>\n<p>So let us begin :<\/p>\n<p>1. What is rutorrent?<br \/>\nRutorrent is a front end or a interface web for a torrent program called rtorrent that runs in Linux.<\/p>\n<p>So you might be thinking why do you need a separate interface for rtorrent?<br \/>\nrtorrent is an extremely resource efficient program so it runs in the terminal interface\n<\/p>\n<p><img decoding=\"async\" src=\"http:\/\/kb.evoseedbox.com\/attachments\/how-rtorrent-looks-in-terminal-png.1\/\" alt=\"Rutorrent Primeiros passos\" title=\"\"><\/p>\n<p>not bad eh.. but it&#x27;s not the most user-friendly interface for most users and remote acessar makes it furthermore challenging for regular users who are not very familiar with such interfaces<\/p>\n<p>So fast forward years and Novik comes inpara o picture .. umm you might be thinking who is Novik? well he is the guy who built rutorrent<br \/>\nHere is his Git repo for rutorrent:\u00a0<a href=\"https:\/\/github.com\/Novik\/ruTorrent\" rel=\"nofollow noopener\" target=\"_blank\">https:\/\/github.com\/Novik\/ruTorrent<\/a><\/p>\n<p>So what rutorrent does is creates a interface web for rtorrent. It collects data from rtorrent and puts it no seu web browser along with the option to communicate with your rtorrent which is running mostly on Linux server in much more user-friendly manner.<\/p>\n<p>Your rutorrent looks algo assim :\n<\/p>\n<p><img decoding=\"async\" src=\"https:\/\/uploads-ssl.webflow.com\/5adb6cc510eb116b93a93d41\/5adebe10a6b64508d569ff80_Modern%20UI.png\" alt=\"Rutorrent Primeiros passos\" title=\"\"><\/p>\n<p>\nSe voc\u00ea have used programs like utorrent , azureus (Vuze ) etc the interface would look quite similar to you the only difference is that it runs do seu web browser.<\/p>\n<p>For most, of you guys, I think this much is enough if you quer read more h\u00e1 tons of more info online Se voc\u00ea want me to add some more clarity to this feel free to drop in a line or two\u00a0<\/p>\n<p>\nSo let&#x27;s get back to business and let me explain to you how voc\u00ea pode easily acessar a rutorrent account with us,<\/p>\n<p>Passo 2: Como load up the rutorrent interface in evoseedbox?<br \/>\nAssim que tiver signed up for a seedbox account (In case you have not please do that at\u00a0<a href=\"https:\/\/evoseedbox.com\/\">https:\/\/evoseedbox.com<\/a>\u00a0)<br \/>\nVerifique seu email ( Isto \u00e9 very critical\u00a0<\/p>\n<p>you encontrar\u00e1 a link para o seu \u00e1rea do cliente.<\/p>\n<p>Once you are no seu \u00e1rea do cliente ficar\u00e1 parecido algo assim :\n<\/p>\n<p><img decoding=\"async\" src=\"http:\/\/kb.evoseedbox.com\/attachments\/evo-seedbox-client-area-png.2\/\" alt=\"Rutorrent Primeiros passos\" title=\"\"><\/p>\n<p>Did you quer seed the senha, didn&#x27;t you?\u00a0<\/p>\n<p>(sorry for popping your eyes with white \u00e1rea do cliente)<\/p>\n<p>So as voc\u00ea pode see I have highlighted the rutorrent area and h\u00e1 a green bot\u00e3o below it called open, just click on it and yay!! voc\u00ea vai have your rutorrent interface open.<\/p>\n<p>You thought it would be hard\u00a0<\/p>\n<p>well we have already preconfigurard the setup for you so you don&#x27;t tem que do much.<\/p>\n<p>Now you must be thinking well it did not ask for my user id or senha for opening up rutorrent.<br \/>\nThe thing is no seu \u00e1rea do cliente the nome de usu\u00e1rio is and senha is already preconfigurard in the open bot\u00e3o which saves you the hassle of putting the nome de usu\u00e1rio and senha every time.<\/p>\n<p>Now that you have your rutorrent open let&#x27;s move to step 3<\/p>\n<p>3. Adding torrents to rutorrent.<br \/>\nNeste guia, we are going to only consider the methods within the torrents interface. There are more avan\u00e7ado methods like remotely adding torrents do browser, Android device, apps but we won&#x27;t be covering it in this guia para keep is simples and once you understand the basic ways of adding the torrents its<\/p>\n<p>Method 1.<br \/>\nDrag and drop, yes its that easy drag and drop your tracker file to rutorrent and boom vai start loading no seu rutorrent interface<\/p>\n<p><img decoding=\"async\" src=\"https:\/\/kb.evoseedbox.com\/index.php?attachments\/adding-torrent-rutorrent-procedure-1-jpg.3\/&amp;hash=dad95a9d607203e6be70b15652d25961\" alt=\"Rutorrent Primeiros passos\" title=\"\"><\/p>\n<p>Method 2<br \/>\nUsing add bot\u00e3o in torrent on the top right corner voc\u00ea pode see a + sign if you open it up it gives you an option to browse para o folder where you have downloaded your tracker file from a torrent website, select the torrent\/torrents(at a time voc\u00ea pode do 20 tracker files) and then click add file and vai start downlaoding no seu rutorrent interface web.\n<\/p>\n<p><img decoding=\"async\" src=\"https:\/\/evoseedbox.com\/wp-content\/uploads\/wiki\/b2fd9e9c73282a45.png\" alt=\"Rutorrent Primeiros passos\" title=\"\"><\/p>\n<p>Method 3.<\/p>\n<p>It is similar para o previous method but in this case instead of downloading the tracker file do seu torrent website you copy the link do seu tracker website and put it the Torrent URL field and press add.<\/p>\n<p>Please note that in some public trackers which are behind cache proxies etc this method might not work, one solution could be to convert the magnet links to tracker files from websites like\u00a0<a href=\"http:\/\/magnet2torrent.me\/\" rel=\"nofollow noopener\" target=\"_blank\">http:\/\/magnet2torrent.me\/<\/a><\/p>\n<p><img decoding=\"async\" src=\"http:\/\/kb.evoseedbox.com\/attachments\/adding-with-url-4-png.5\/\" alt=\"Rutorrent Primeiros passos\" title=\"\"><\/p>\n<p>These are the most basic methods of adding a torrent to rutorrent other methods of adding torrents with rutorrent will be covered in a different tutorial.<\/p>\n<p>Now that voc\u00ea vai start to add torrents voc\u00ea vai soon realise that you might be reaching the full HDD capacity of sua seedbox ( Voc\u00ea pode always upgrade) but don\u2019t fret voc\u00ea pode always remove torrents make some space by removing torrents.<\/p>\n<p>Which brings us to our next topic<\/p>\n<p>4. Removing torrents in rutorrent<\/p>\n<p>there are primarily 2 ways to remove torrents from rutorrent. The first method would remove just the tracker file in case you are done seeding a particular torrent or you don\u2019t want a certain torrent to be anymore listed no seu rutorrent interface.<\/p>\n<p><img decoding=\"async\" src=\"http:\/\/kb.evoseedbox.com\/attachments\/removing-just-tracker-from-rutorrent-png.6\/\" alt=\"Rutorrent Primeiros passos\" title=\"\"><\/p>\n<p>\nPlease note that in this method the data of the torrent still remains os you tem que either delete it using the gerenciador de arquivos in rutorrent<\/p>\n<p>Method 2. Removing and delete data method.<\/p>\n<p>This method applies ot torrents which you don&#x27;t want anymore no seu system<br \/>\nVai not only remove the tracker file but make space for you to download more torrents in case your HDD is getting full. O processo of doing isto \u00e9 similar you tem que clique com o bot\u00e3o direito em the torrent you quer get rid of and select remove and delete data.<\/p>\n<p><img decoding=\"async\" src=\"http:\/\/kb.evoseedbox.com\/attachments\/removing-tracker-and-data-from-rutorrent-png.7\/\" alt=\"Rutorrent Primeiros passos\" title=\"\"><\/p>\n<p>Well, that is the basics you precisa learn no seu journey to becoming a rutorrent ninja. May the force of seedbox be with you shinobi.<\/p>\n<p>PS: In case the second method does not work (data is not getting removed) : you need ot restart rtorrent . restarting rtorrent is covered in this tutorial section.<\/p>\n<h2>Pr\u00f3ximo Steps<\/h2>\n<ul>\n<li><a href=\"\/wiki\/adding-a-torrent-to-your-seedbox\/\">Add Your First Torrent<\/a><\/li>\n<li><a href=\"\/wiki\/setting-up-irssi-with-rutorrent\/\">Set Up autodl-irssi<\/a><\/li>\n<li><a href=\"\/wiki\/common-rutorrent-errors-and-how-to-fix-them\/\">Troubleshoot Erros<\/a><\/li>\n<li><a href=\"\/wiki\/guide-to-increase-download-and-upload-queues-in-rutorrent\/\">Optimize Queue Settings<\/a><\/li>\n<\/ul>\n","protected":false},"excerpt":{"rendered":"<p>Neste tutorial, I will explain you basics of using Rutorrent. Topics covered will be: 1. What is rutorrent? 2. Como load up [&hellip;]<\/p>\n","protected":false},"author":1,"featured_media":0,"parent":15738,"menu_order":0,"comment_status":"closed","ping_status":"closed","template":"","meta":{"footnotes":""},"class_list":["post-15922","page","type-page","status-publish","hentry"],"_links":{"self":[{"href":"https:\/\/evoseedbox.com\/pt-pt\/wp-json\/wp\/v2\/pages\/15922","targetHints":{"allow":["GET"]}}],"collection":[{"href":"https:\/\/evoseedbox.com\/pt-pt\/wp-json\/wp\/v2\/pages"}],"about":[{"href":"https:\/\/evoseedbox.com\/pt-pt\/wp-json\/wp\/v2\/types\/page"}],"author":[{"embeddable":true,"href":"https:\/\/evoseedbox.com\/pt-pt\/wp-json\/wp\/v2\/users\/1"}],"replies":[{"embeddable":true,"href":"https:\/\/evoseedbox.com\/pt-pt\/wp-json\/wp\/v2\/comments?post=15922"}],"version-history":[{"count":0,"href":"https:\/\/evoseedbox.com\/pt-pt\/wp-json\/wp\/v2\/pages\/15922\/revisions"}],"up":[{"embeddable":true,"href":"https:\/\/evoseedbox.com\/pt-pt\/wp-json\/wp\/v2\/pages\/15738"}],"wp:attachment":[{"href":"https:\/\/evoseedbox.com\/pt-pt\/wp-json\/wp\/v2\/media?parent=15922"}],"curies":[{"name":"wp","href":"https:\/\/api.w.org\/{rel}","templated":true}]}}