{"id":16149,"date":"2026-03-16T13:23:24","date_gmt":"2026-03-16T12:23:24","guid":{"rendered":""},"modified":"2026-03-16T16:25:50","modified_gmt":"2026-03-16T13:06:03","slug":"getting-started-with-one-click-installs-fr","status":"publish","type":"page","link":"https:\/\/evoseedbox.com\/fr\/wiki\/getting-started-with-one-click-installs-fr\/","title":{"rendered":"Pour commencer with One-Click Installs"},"content":{"rendered":"<p>Les seedboxes sont capables de bien des choses. Il vous suffit de configurer l&rsquo;application souhait\u00e9e sur votre seedbox.<\/p>\n<p>Mais ce n&rsquo;est pas aussi simple qu&rsquo;il y para\u00eet. You have to have advanced technical knowledge and practice in SSH. Also, whenever something goes wrong, you have to look for the error, and of course, come up with a solution to resolve it.<\/p>\n<p>Evoseedbox comprend cela \u2014 toutes les applications sont pr\u00e9-configur\u00e9es pour vous.<\/p>\n<p>Cliquez une seule fois sur le bouton d&rsquo;installation et l&rsquo;application se connectera \u00e0 votre seedbox.<\/p>\n<h3><strong>\u00c9tapes pour installer des applications en un clic<\/strong><\/h3>\n<h3>\u00c9tape 1: Se connecter to you Evoseedbox\u2019s espace client<\/h3>\n<p><img decoding=\"async\" src=\"https:\/\/evoseedbox.com\/wp-content\/uploads\/wiki\/25a97cb581c513e1.png\" alt=\"Pour commencer With Seedbox One Click Installers\" title=\"\"><\/p>\n<h3>\n\u00c9tape 2 : Faites d\u00e9filer vers le bas pour trouver la section des applications.<\/h3>\n<p><img decoding=\"async\" src=\"https:\/\/evoseedbox.com\/wp-content\/uploads\/wiki\/56ac701bf6917a76.png\" alt=\"Pour commencer With Seedbox One Click Installers\" title=\"\"><\/p>\n<h3>\n\u00c9tape 3 : Trouvez l&rsquo;application souhait\u00e9e via la barre de recherche.<\/h3>\n<p><img decoding=\"async\" src=\"https:\/\/evoseedbox.com\/wp-content\/uploads\/wiki\/742fb57afbeb1b4b.png\" alt=\"Pour commencer With Seedbox One Click Installers\" title=\"\"><\/p>\n<h3>\n\u00c9tape 4 : Cliquez sur le bouton Installerer \u00e0 c\u00f4t\u00e9 de l&rsquo;application.<\/h3>\n<p><img decoding=\"async\" src=\"https:\/\/evoseedbox.com\/wp-content\/uploads\/wiki\/cdbce1769170d449.png\" alt=\"Pour commencer With Seedbox One Click Installers\" title=\"\"><\/p>\n<h3>\n\u00c9tape 5 : Attendez que les modules installent l&rsquo;application.<\/h3>\n<p><img decoding=\"async\" src=\"https:\/\/evoseedbox.com\/wp-content\/uploads\/wiki\/4f09e8ff4ed2383c.png\" alt=\"Pour commencer With Seedbox One Click Installers\" title=\"\"><\/p>\n<h3>\n\u00c9tape 6 : Votre application est install\u00e9e !<\/h3>\n<p><img decoding=\"async\" src=\"https:\/\/evoseedbox.com\/wp-content\/uploads\/wiki\/35ad8a170c6ca338.png\" alt=\"Pour commencer With Seedbox One Click Installers\" title=\"\"><\/p>\n<h3>\n\u00c9tape 7 : Remontez et cliquez sur Ouvrir pour lancer l&rsquo;application.<\/h3>\n<p><img decoding=\"async\" src=\"https:\/\/evoseedbox.com\/wp-content\/uploads\/wiki\/b9ff0f63e885ce13.png\" alt=\"Pour commencer With Seedbox One Click Installers\" title=\"\"><\/p>\n<p>\nThat\u2019s all you have to do to install any app on votre seedbox. Vous pouvez use the Info button next to apps to learn more about what an application is used for.<\/p>\n","protected":false},"excerpt":{"rendered":"<p>Les seedboxes sont capables de bien des choses. Il vous suffit de configurer l&rsquo;application souhait\u00e9e sur votre seedbox. Mais ce n&rsquo;est pas [&hellip;]<\/p>\n","protected":false},"author":1,"featured_media":0,"parent":15738,"menu_order":0,"comment_status":"closed","ping_status":"closed","template":"","meta":{"footnotes":""},"class_list":["post-16149","page","type-page","status-publish","hentry"],"_links":{"self":[{"href":"https:\/\/evoseedbox.com\/fr\/wp-json\/wp\/v2\/pages\/16149","targetHints":{"allow":["GET"]}}],"collection":[{"href":"https:\/\/evoseedbox.com\/fr\/wp-json\/wp\/v2\/pages"}],"about":[{"href":"https:\/\/evoseedbox.com\/fr\/wp-json\/wp\/v2\/types\/page"}],"author":[{"embeddable":true,"href":"https:\/\/evoseedbox.com\/fr\/wp-json\/wp\/v2\/users\/1"}],"replies":[{"embeddable":true,"href":"https:\/\/evoseedbox.com\/fr\/wp-json\/wp\/v2\/comments?post=16149"}],"version-history":[{"count":0,"href":"https:\/\/evoseedbox.com\/fr\/wp-json\/wp\/v2\/pages\/16149\/revisions"}],"up":[{"embeddable":true,"href":"https:\/\/evoseedbox.com\/fr\/wp-json\/wp\/v2\/pages\/15738"}],"wp:attachment":[{"href":"https:\/\/evoseedbox.com\/fr\/wp-json\/wp\/v2\/media?parent=16149"}],"curies":[{"name":"wp","href":"https:\/\/api.w.org\/{rel}","templated":true}]}}