{"id":15930,"date":"2026-03-16T13:22:16","date_gmt":"2026-03-16T12:22:16","guid":{"rendered":""},"modified":"2026-03-16T16:25:50","modified_gmt":"2026-03-16T12:22:16","slug":"how-to-use-your-seedbox-dashboard-es","status":"publish","type":"page","link":"https:\/\/evoseedbox.com\/es\/wiki\/how-to-use-your-seedbox-dashboard-es\/","title":{"rendered":"C\u00f3mo usar el panel de control de tu Seedbox"},"content":{"rendered":"<div style=\"margin:24px 0\"><img decoding=\"async\" src=\"https:\/\/evoseedbox.com\/wp-content\/uploads\/2026\/03\/screenshot-general.png\" alt=\"Screenshot of ruTorrent General tab showing torrent transfer stats including velocidad de descarga, velocidad de subida, share ratio, tracker URL, file path, and espacio en disco\" width=\"1400\" style=\"max-width:100%;height:auto;border-radius:8px;box-shadow:0 2px 8px rgba(0,0,0,0.15);border:1px solid #333\" loading=\"lazy\" title=\"\"><\/div>\n<div style=\"margin:24px 0\"><img decoding=\"async\" src=\"https:\/\/evoseedbox.com\/wp-content\/uploads\/2026\/03\/seedbox-dashboard-layout.png\" alt=\"Annotated diagram of Evoseedbox dashboard showing credenciales, web access, server info, and installed apps sections\" width=\"1200\" style=\"max-width:100%;height:auto;border-radius:8px;box-shadow:0 2px 8px rgba(0,0,0,0.1)\" loading=\"lazy\" title=\"\"><\/div>\n<p>El panel de control es donde accede a su seedbox. Puede add\/ remove apps, use rutorrent , monitor tu seedbox.Through this article we\u2019ll guide you how to use seedbox dashboard.<\/p>\n<ul>\n<li>\n<li>Puede access your dashboard using the link and contrase\u00f1a provided in the Welcome to Evoseedbox email.\n<p>La ventana de inicio de sesi\u00f3n se muestra abajo:<\/li>\n<\/li>\n<\/ul>\n<p><img decoding=\"async\" src=\"https:\/\/evoseedbox.com\/wp-content\/uploads\/wiki\/62e4b45c8cab611e.png\" alt=\"C\u00f3mo Use Tu Seedbox Dashboard\" title=\"\"><\/p>\n<p>\nIngrese your login credenciales as provided in the email and press on log-in<\/p>\n<p>Despu\u00e9s de exitoso login, ver\u00e1 the \u00e1rea de cliente where puede see the overview of your account. Details like a number of services, product quotes, support tickets opened, and invoices provided in the \u00e1rea de cliente.<\/p>\n<p><img decoding=\"async\" src=\"https:\/\/evoseedbox.com\/wp-content\/uploads\/wiki\/fbfc8a6f135b99ca.png\" alt=\"C\u00f3mo Use Tu Seedbox Dashboard\" title=\"\"><\/p>\n<p>\nHaga clic en the services tab to open the currently disponible services and haga clic en the service status to open the desired service.<\/p>\n<p><img decoding=\"async\" src=\"https:\/\/evoseedbox.com\/wp-content\/uploads\/wiki\/9455e8d1a95ce508.png\" alt=\"C\u00f3mo Use Tu Seedbox Dashboard\" title=\"\"><\/p>\n<p>\nThe next window that you see is the dashboard of tu seedbox where puede look and access \u00a0various details from your plan \u00a0to the HDD quota and other useful information<\/p>\n<ul>\n<li>\n<li>Subir data limit details.<\/li>\n<\/li>\n<\/ul>\n<p><img decoding=\"async\" src=\"https:\/\/evoseedbox.com\/wp-content\/uploads\/wiki\/2029f21a5e746b6f.png\" alt=\"C\u00f3mo Use Tu Seedbox Dashboard\" title=\"\"><\/p>\n<ul>\n<li>\n<li>\u00a0Setting up Electorrent \u2013 Guide to setup electorrent on your PC connected to rutorrent on la seedbox so that puede manage your torrents without explicitly accessing rutorrent.<\/li>\n<\/li>\n<\/ul>\n<p><img decoding=\"async\" src=\"https:\/\/evoseedbox.com\/wp-content\/uploads\/wiki\/4eb169a226555bc3.png\" alt=\"C\u00f3mo Use Tu Seedbox Dashboard\" title=\"\"><\/p>\n<p><img decoding=\"async\" src=\"https:\/\/evoseedbox.com\/wp-content\/uploads\/wiki\/fa12d561d5247729.png\" alt=\"C\u00f3mo Use Tu Seedbox Dashboard\" title=\"\"><\/p>\n<ul>\n<li>\n<li>Accessing your control panel.<\/li>\n<ul>\n<li>\n<li><strong>FTP details<\/strong><\/li>\n<ul>\n<li>\n<li>Username<\/li>\n<\/li>\n<li>\n<li>Password<\/li>\n<\/li>\n<li>\n<li>SFTP\/FTP port<\/li>\n<\/li>\n<li>\n<li>FTP client \u2013\u00a0Puede download LFTP client for seedbox access by clicking on the download button.<\/li>\n<\/li>\n<li>\n<li>Hostname<\/li>\n<\/li>\n<\/ul>\n<\/li>\n<\/ul>\n<\/li>\n<\/ul>\n<p><img decoding=\"async\" src=\"https:\/\/evoseedbox.com\/wp-content\/uploads\/wiki\/a00166d824943fa7.jpg\" alt=\"C\u00f3mo Use Tu Seedbox Dashboard\" title=\"\"><\/p>\n<p>\n<strong>Ru-torrent<\/strong><\/p>\n<ul>\n<li>\n<li>Upgrade\/Downgrade \u2013\u00a0Used for plan upgrade and downgrade.<\/li>\n<\/li>\n<li>\n<li>HDD Quota \u2013\u00a0Gives details about the current HDD usage.<\/li>\n<\/li>\n<li>\n<li>Abrir\/ Reiniciar rutorrent\u00a0<\/li>\n<\/li>\n<li>\n<li>Restablecer IRSSI \u2013\u00a0Used for any error pertaining to torrent download<\/li>\n<\/li>\n<li>\n<li>Restablecer Session \u2013\u00a0Restablecers rutorrent which clears currently added torrents<\/li>\n<\/li>\n<li>\n<li>Change Password \u2013 Used for resetting Rutorrent contrase\u00f1a.<\/li>\n<\/li>\n<\/ul>\n<p><img decoding=\"async\" src=\"https:\/\/evoseedbox.com\/wp-content\/uploads\/wiki\/e83fb8935a74c66e.jpg\" alt=\"C\u00f3mo Use Tu Seedbox Dashboard\" title=\"\"><\/p>\n<ul>\n<li>\n<li><strong>Web Access:<\/strong>It provides all the methods by which puede access the files on la seedbox directly from your machine.<\/li>\n<ul>\n<li>\n<li>File Manager \u2013\u00a0Abrirs file gator file manager<\/li>\n<\/li>\n<li>\n<li>Direct HTTP access \u2013\u00a0Provides direct browser-based HTTP access to tu seedbox.<\/li>\n<\/li>\n<li>\n<li>Direct FTP access \u2013 \u00a0Provides FTP client-based access to tu seedbox. In our current plans, Filezilla and lftp(Winscp) are being offered.\n<\/li>\n<\/li>\n<\/ul>\n<\/li>\n<li>\n<li><strong>Google Drive:<\/strong>\u00a0\u00a0This button is used o setup google drive for uploading files from seedbox to your google drive.<\/li>\n<\/li>\n<\/ul>\n<p><img decoding=\"async\" src=\"https:\/\/evoseedbox.com\/wp-content\/uploads\/wiki\/a884a17b0c0bafb1.png\" alt=\"C\u00f3mo Use Tu Seedbox Dashboard\" title=\"\"><\/p>\n<p><strong>Instalared Apps:\u00a0<\/strong>It lists and provides access to the installed apps.Puede also restart and remove the apps from this section itself.\u00a0<\/p>\n<p><img decoding=\"async\" src=\"https:\/\/evoseedbox.com\/wp-content\/uploads\/wiki\/4dcfe4829ea632a1.jpg\" alt=\"C\u00f3mo Use Tu Seedbox Dashboard\" title=\"\"><\/p>\n<p>\n<strong>Help\/Knowledge Base:<\/strong>\u00a0Abrirs the starters guide to Evoseedbox. It gets you along with the basics of rutorrent , Apps Tutorials, and common error fixes.<\/p>\n<p><img decoding=\"async\" src=\"https:\/\/evoseedbox.com\/wp-content\/uploads\/wiki\/df4c9a3446bba933.png\" alt=\"C\u00f3mo Use Tu Seedbox Dashboard\" title=\"\"><\/p>\n<p>\n<strong>Apps Section:<\/strong>\u00a0It provides all the apps disponible in your plan and puede install any app with one-click.Puede also search for an using the search section. It also has options to install, reinstall, and uninstall the app while keeping the config and removing the existing config.<br \/>\nPuede also update the app from here just with one-click. Si usted want to back-up the existing config puede do so by clicking on the back-up option.<\/p>\n<p><img decoding=\"async\" src=\"https:\/\/evoseedbox.com\/wp-content\/uploads\/wiki\/f6fb6af45f43b35c.png\" alt=\"C\u00f3mo Use Tu Seedbox Dashboard\" title=\"\"><\/p>\n<p>\nBasic Seedbox details:<\/p>\n<ul>\n<li>\n<li>Registration Date<\/li>\n<\/li>\n<li>\n<li>Package<\/li>\n<\/li>\n<li>\n<li>Server<\/li>\n<\/li>\n<li>\n<li>Billing cycle<\/li>\n<\/li>\n<li>\n<li>Status<\/li>\n<\/li>\n<li>\n<li>Payment method<\/li>\n<\/li>\n<li>\n<li>Next due date<\/li>\n<\/li>\n<\/ul>\n<p><img decoding=\"async\" src=\"https:\/\/evoseedbox.com\/wp-content\/uploads\/wiki\/88ab70efd7d188a7.png\" alt=\"C\u00f3mo Use Tu Seedbox Dashboard\" title=\"\"><\/p>\n<p>\n<strong>Services Tab<\/strong>: It lists all the services disponible and puede also order new services from here.<\/p>\n<p><img decoding=\"async\" src=\"https:\/\/evoseedbox.com\/wp-content\/uploads\/wiki\/961349406e9d4afa.png\" alt=\"C\u00f3mo Use Tu Seedbox Dashboard\" title=\"\"><\/p>\n<p>\n<strong>Billing Tab<\/strong>: It provides details of all the invoices, your quotes, \u00a0mass payment and payment methods. Puede also add funds from here.<\/p>\n<p><img decoding=\"async\" src=\"https:\/\/evoseedbox.com\/wp-content\/uploads\/wiki\/c1d788e6e7e18d20.png\" alt=\"C\u00f3mo Use Tu Seedbox Dashboard\" title=\"\"><\/p>\n<p><strong>Support Tab<\/strong>\u00a0: \u00a0From this tab puede see the status of all the tickets raised .See the latest announcements and refer to our knowledge base for guidance. Puede also see the network status and downloads.<\/p>\n<p><img decoding=\"async\" src=\"https:\/\/evoseedbox.com\/wp-content\/uploads\/wiki\/53f39ba309646b1e.png\" alt=\"C\u00f3mo Use Tu Seedbox Dashboard\" title=\"\"><\/p>\n<p>\n<strong>Abrir Ticket<\/strong>: From \u00a0here puede raise \u00a0a ticket if you have any technical issue or a billing related query or a general customer support query.<\/p>\n<p><img decoding=\"async\" src=\"https:\/\/evoseedbox.com\/wp-content\/uploads\/wiki\/05a3e59590e97269.png\" alt=\"C\u00f3mo Use Tu Seedbox Dashboard\" title=\"\"><\/p>\n<p><img decoding=\"async\" src=\"https:\/\/evoseedbox.com\/wp-content\/uploads\/wiki\/d3dbe222e10f1e2d.png\" alt=\"C\u00f3mo Use Tu Seedbox Dashboard\" title=\"\"><\/p>\n","protected":false},"excerpt":{"rendered":"<p>El panel de control es donde accede a su seedbox. Puede add\/ remove apps, use rutorrent , monitor tu seedbox.Through this article [&hellip;]<\/p>\n","protected":false},"author":1,"featured_media":0,"parent":15738,"menu_order":0,"comment_status":"closed","ping_status":"closed","template":"","meta":{"footnotes":""},"class_list":["post-15930","page","type-page","status-publish","hentry"],"_links":{"self":[{"href":"https:\/\/evoseedbox.com\/es\/wp-json\/wp\/v2\/pages\/15930","targetHints":{"allow":["GET"]}}],"collection":[{"href":"https:\/\/evoseedbox.com\/es\/wp-json\/wp\/v2\/pages"}],"about":[{"href":"https:\/\/evoseedbox.com\/es\/wp-json\/wp\/v2\/types\/page"}],"author":[{"embeddable":true,"href":"https:\/\/evoseedbox.com\/es\/wp-json\/wp\/v2\/users\/1"}],"replies":[{"embeddable":true,"href":"https:\/\/evoseedbox.com\/es\/wp-json\/wp\/v2\/comments?post=15930"}],"version-history":[{"count":0,"href":"https:\/\/evoseedbox.com\/es\/wp-json\/wp\/v2\/pages\/15930\/revisions"}],"up":[{"embeddable":true,"href":"https:\/\/evoseedbox.com\/es\/wp-json\/wp\/v2\/pages\/15738"}],"wp:attachment":[{"href":"https:\/\/evoseedbox.com\/es\/wp-json\/wp\/v2\/media?parent=15930"}],"curies":[{"name":"wp","href":"https:\/\/api.w.org\/{rel}","templated":true}]}}