{"id":16151,"date":"2026-03-16T13:23:24","date_gmt":"2026-03-16T12:23:24","guid":{"rendered":""},"modified":"2026-03-16T16:25:50","modified_gmt":"2026-03-16T13:06:03","slug":"getting-started-with-one-click-installs-de","status":"publish","type":"page","link":"https:\/\/evoseedbox.com\/de\/wiki\/getting-started-with-one-click-installs-de\/","title":{"rendered":"Erste Schritte with One-Click Installs"},"content":{"rendered":"<p>Seedboxen bieten viele M\u00f6glichkeiten. Sie m\u00fcssen lediglich die gew\u00fcnschte App auf Ihrer Seedbox konfigurieren.<\/p>\n<p>Das klingt einfacher als es ist. Normalerweise braucht man fortgeschrittene technische Kenntnisse und Erfahrung mit SSH. Wenn etwas schiefgeht, m\u00fcssen Sie den Fehler selbst findenen und beheben.<\/p>\n<p>Evoseedbox wei\u00df das \u2014 deshalb sind alle Apps in Ihrer Seedbox bereits f\u00fcr Sie vorkonfiguriert.<\/p>\n<p>Sie m\u00fcssen nur einmal auf den Installierenieren-Button klicken und die App verbindet sich automatisch mit Ihrer Seedbox.<\/p>\n<h3><strong>Schritte zur Installierenation von Apps mit einem Klick<\/strong><\/h3>\n<h3>Schritt 1: Anmelden to you Evoseedbox\u2019s Kundenbereich<\/h3>\n<p><img decoding=\"async\" src=\"https:\/\/evoseedbox.com\/wp-content\/hochladens\/wiki\/25a97cb581c513e1.png\" alt=\"Erste Schritte With Seedbox One Click Installierens\" title=\"\"><\/p>\n<h3>\nSchritt 2: Scrollen Sie nach unten \u2014 am Ende findenen Sie den Apps-Bereich.<\/h3>\n<p><img decoding=\"async\" src=\"https:\/\/evoseedbox.com\/wp-content\/hochladens\/wiki\/56ac701bf6917a76.png\" alt=\"Erste Schritte With Seedbox One Click Installierens\" title=\"\"><\/p>\n<h3>\nSchritt 3: Suchen Sie die gew\u00fcnschte App \u00fcber die Suchleiste.<\/h3>\n<p><img decoding=\"async\" src=\"https:\/\/evoseedbox.com\/wp-content\/hochladens\/wiki\/742fb57afbeb1b4b.png\" alt=\"Erste Schritte With Seedbox One Click Installierens\" title=\"\"><\/p>\n<h3>\nSchritt 4: Klicken Sie auf den Installierenieren-Button neben der App.<\/h3>\n<p><img decoding=\"async\" src=\"https:\/\/evoseedbox.com\/wp-content\/hochladens\/wiki\/cdbce1769170d449.png\" alt=\"Erste Schritte With Seedbox One Click Installierens\" title=\"\"><\/p>\n<h3>\nSchritt 5: Warten Sie, bis die Konfigurationsmodule die App installiereniert haben.<\/h3>\n<p><img decoding=\"async\" src=\"https:\/\/evoseedbox.com\/wp-content\/hochladens\/wiki\/4f09e8ff4ed2383c.png\" alt=\"Erste Schritte With Seedbox One Click Installierens\" title=\"\"><\/p>\n<h3>\nSchritt 6: Ihre App ist installiereniert!<\/h3>\n<p><img decoding=\"async\" src=\"https:\/\/evoseedbox.com\/wp-content\/hochladens\/wiki\/35ad8a170c6ca338.png\" alt=\"Erste Schritte With Seedbox One Click Installierens\" title=\"\"><\/p>\n<h3>\nSchritt 7: Scrollen Sie nach oben und klicken Sie auf \u00d6ffnen.<\/h3>\n<p><img decoding=\"async\" src=\"https:\/\/evoseedbox.com\/wp-content\/hochladens\/wiki\/b9ff0f63e885ce13.png\" alt=\"Erste Schritte With Seedbox One Click Installierens\" title=\"\"><\/p>\n<p>\nThat\u2019s all you have to do to installieren any app on Ihrer Seedbox. Verwenden Sie den Info-Button neben den Apps, um mehr zu erfahren.<\/p>\n","protected":false},"excerpt":{"rendered":"<p>Seedboxen bieten viele M\u00f6glichkeiten. Sie m\u00fcssen lediglich die gew\u00fcnschte App auf Ihrer Seedbox konfigurieren. Das klingt einfacher als es ist. Normalerweise braucht [&hellip;]<\/p>\n","protected":false},"author":1,"featured_media":0,"parent":15738,"menu_order":0,"comment_status":"closed","ping_status":"closed","template":"","meta":{"footnotes":""},"class_list":["post-16151","page","type-page","status-publish","hentry"],"_links":{"self":[{"href":"https:\/\/evoseedbox.com\/de\/wp-json\/wp\/v2\/pages\/16151","targetHints":{"allow":["GET"]}}],"collection":[{"href":"https:\/\/evoseedbox.com\/de\/wp-json\/wp\/v2\/pages"}],"about":[{"href":"https:\/\/evoseedbox.com\/de\/wp-json\/wp\/v2\/types\/page"}],"author":[{"embeddable":true,"href":"https:\/\/evoseedbox.com\/de\/wp-json\/wp\/v2\/users\/1"}],"replies":[{"embeddable":true,"href":"https:\/\/evoseedbox.com\/de\/wp-json\/wp\/v2\/comments?post=16151"}],"version-history":[{"count":0,"href":"https:\/\/evoseedbox.com\/de\/wp-json\/wp\/v2\/pages\/16151\/revisions"}],"up":[{"embeddable":true,"href":"https:\/\/evoseedbox.com\/de\/wp-json\/wp\/v2\/pages\/15738"}],"wp:attachment":[{"href":"https:\/\/evoseedbox.com\/de\/wp-json\/wp\/v2\/media?parent=16151"}],"curies":[{"name":"wp","href":"https:\/\/api.w.org\/{rel}","templated":true}]}}