{"id":16001,"date":"2026-03-16T13:22:17","date_gmt":"2026-03-16T12:22:17","guid":{"rendered":""},"modified":"2026-03-16T16:25:50","modified_gmt":"2026-03-16T14:31:11","slug":"beginners-guide-to-nextcloud-de","status":"publish","type":"page","link":"https:\/\/evoseedbox.com\/de\/wiki\/beginners-guide-to-nextcloud-de\/","title":{"rendered":"Nextcloud-Anf\u00e4ngerhandbuch"},"content":{"rendered":"<p>Hey, so you want to use Ihrer Seedbox as a cloud sharing platform or to manage files and media remotely? Then this app called Nextcloud is perfect for you!<\/p>\n<p>In diesem Artikel, we will learn how to use Nextcloud and about the basic features of the application.<\/p>\n<p>The first step is to installieren the Nextcloud app. This can be done with just one click from your evoSeedbox-Dashboard.<\/p>\n<p>Now that your Nextclud app is installierened on Ihrer Seedbox =, it is time to look inside the app.<\/p>\n<p>\u00d6ffnen the app and you will be asked to anmelden. Use the FTP Anmeldedaten given in Ihrer Seedbox\u2019s dashboard.\n<\/p>\n<p>Sobald Sie sign in, you will finden on a window like this:\u00a0<\/p>\n<p><img decoding=\"async\" src=\"https:\/\/evoseedbox.com\/wp-content\/hochladens\/wiki\/4c0e14087725263b.png\" alt=\"Beginners Guide To Nextcloud\" title=\"\"><\/p>\n<p>\nLooks nice right? Sie k\u00f6nnen customize it too. Just scroll down a bit to finden the customize button.<\/p>\n<p><img decoding=\"async\" src=\"https:\/\/evoseedbox.com\/wp-content\/hochladens\/wiki\/ed2042f8dd44efae.png\" alt=\"Beginners Guide To Nextcloud\" title=\"\"><\/p>\n<p>A pop-up will appear on the screen. Over here, k\u00f6nnen Sie add widgets like weather, recommended files, etc. k\u00f6nnen Sie even get more widgets from the Nextcloud app store.<\/p>\n<p>Wenn Sie scroll down a little bit, k\u00f6nnen Sie finden many in-build options for the background. Wenn Sie do not like the given options, then k\u00f6nnen Sie w\u00e4hlen Sie you won as well.<\/p>\n<p><strong>Hinweis:<\/strong>\u00a0The image must be in your Nextcloud space.<\/p>\n<p><img decoding=\"async\" src=\"https:\/\/evoseedbox.com\/wp-content\/hochladens\/wiki\/2b3cc5ad692b1905.png\" alt=\"Beginners Guide To Nextcloud\" title=\"\"><\/p>\n<p>Now let us get into the more interesting and useful part of the app. File management.<\/p>\n<p>On the top-left side of the dashboard, k\u00f6nnen Sie finden the Files icon. Klicken Sie auf it to manage your files.<\/p>\n<p><img decoding=\"async\" src=\"https:\/\/evoseedbox.com\/wp-content\/hochladens\/wiki\/9bf6002ea195da41.png\" alt=\"Beginners Guide To Nextcloud\" title=\"\"><\/p>\n<p>\nBy default, there are some files added to your account. These are just there to show the usability of the app. Plus, these files contain Manual and documentation, wenn Sie want to read them.<\/p>\n<p><img decoding=\"async\" src=\"https:\/\/evoseedbox.com\/wp-content\/hochladens\/wiki\/4f0b1c3042ff81e2.png\" alt=\"Beginners Guide To Nextcloud\" title=\"\"><\/p>\n<p>\nFrom the \u201c+\u201d button, k\u00f6nnen Sie add a new document or a new folder or even hochladen a new file.<\/p>\n<p>Naturally, the file will be hochladened to Ihrer Seedbox, as it is the acting server behind the application.<\/p>\n<p><img decoding=\"async\" src=\"https:\/\/evoseedbox.com\/wp-content\/hochladens\/wiki\/b322107aa283bfec.png\" alt=\"Beginners Guide To Nextcloud\" title=\"\"><\/p>\n<p>\nWenn Sie are making a new document then k\u00f6nnen Sie actually use premade templates and edit them.<\/p>\n<p><img decoding=\"async\" src=\"https:\/\/evoseedbox.com\/wp-content\/hochladens\/wiki\/7f3735413261b449.png\" alt=\"Beginners Guide To Nextcloud\" title=\"\"><\/p>\n<p><img decoding=\"async\" src=\"https:\/\/evoseedbox.com\/wp-content\/hochladens\/wiki\/10690cb930e3e75e.png\" alt=\"Beginners Guide To Nextcloud\" title=\"\"><\/p>\n<p>Wenn Sie want to access only media, that is video or images in your Nextcloud app, then k\u00f6nnen Sie use the option of photos, in the main menu.<\/p>\n<p><img decoding=\"async\" src=\"https:\/\/evoseedbox.com\/wp-content\/hochladens\/wiki\/fdafb9bada82d939.png\" alt=\"Beginners Guide To Nextcloud\" title=\"\"><\/p>\n<p>There are some pre-added photos and videos to show you how the app can be used. Similarly, k\u00f6nnen Sie hochladen your videos or photos and manage them using the Nextcloud app.\n<\/p>\n<p><strong>Share files directly from Nextcloud.<\/strong><\/p>\n<p>It is really really easy to share files using Nextcloud. Just \u00f6ffnen the Nextcloud app and finden the file you want to share.\u00a0<\/p>\n<p>Let us say, you want to share the Nextclud manual, klicken Sie auf the share icon in it.<\/p>\n<p><img decoding=\"async\" src=\"https:\/\/evoseedbox.com\/wp-content\/hochladens\/wiki\/76e41162c160fd58.png\" alt=\"Beginners Guide To Nextcloud\" title=\"\"><\/p>\n<p>\nA sidebar will appear, from here, klicken Sie auf the plus button to create a sharable link for this document.\n<\/p>\n<p><img decoding=\"async\" src=\"https:\/\/evoseedbox.com\/wp-content\/hochladens\/wiki\/764c5ee7aeec899f.png\" alt=\"Beginners Guide To Nextcloud\" title=\"\"><\/p>\n<p>Once the link is created, kopieren the link and share it with anyone you\u2019d like to share it with. They can access the file and even herunterladen it.<\/p>\n<p>Wenn Sie want to keep this link secure, klicken Sie auf the 3 dots that appear nach the link is created.<\/p>\n<p><img decoding=\"async\" src=\"https:\/\/evoseedbox.com\/wp-content\/hochladens\/wiki\/a1d17e2359bc0c9c.png\" alt=\"Beginners Guide To Nextcloud\" title=\"\"><\/p>\n<p>Here, k\u00f6nnen Sie add a Passwort to the document link, set an expiration date, add a note to the receiver, or even unshare the document.\n<\/p>\n<p><strong>Adding plugins\/apps to Nextcloud<\/strong><\/p>\n<p>On the top-right corner of the application, k\u00f6nnen Sie finden your user profile menu. From here, klicken Sie auf the apps menu.<\/p>\n<p><img decoding=\"async\" src=\"https:\/\/evoseedbox.com\/wp-content\/hochladens\/wiki\/c3a260e7f0da159e.png\" alt=\"Beginners Guide To Nextcloud\" title=\"\"><\/p>\n<p>By default, a few apps are added to your Nextcloud.<\/p>\n<p>On the left-hand side, k\u00f6nnen Sie sehen a sidebar with many options.<\/p>\n<p><img decoding=\"async\" src=\"https:\/\/evoseedbox.com\/wp-content\/hochladens\/wiki\/b0ab0983debfed7e.png\" alt=\"Beginners Guide To Nextcloud\" title=\"\"><\/p>\n<p>These are different categories verf\u00fcgbar for apps. Sie k\u00f6nnen finden whichever app suits your needs and add it to your Nextcloud account.<\/p>\n<p>In this case, we are taking the Analytics app as an example.\u00a0<\/p>\n<p>Gehen Sie zu the dashboard app category, and the first app you\u2019ll finden is analytics.<\/p>\n<p>Klicken Sie auf the \u201cHerunterladen and Enable\u201d button to add your app.<\/p>\n<p><img decoding=\"async\" src=\"https:\/\/evoseedbox.com\/wp-content\/hochladens\/wiki\/0cf3c71753b7f5c2.png\" alt=\"Beginners Guide To Nextcloud\" title=\"\"><\/p>\n<p>It will ask you to geben Sie ein the Passwort, the same Passwort you used to anmelden to the Nextcloud app.<\/p>\n<p>Sie k\u00f6nnen see the analytics app is installierened.<\/p>\n<p><img decoding=\"async\" src=\"https:\/\/evoseedbox.com\/wp-content\/hochladens\/wiki\/bf51e91573b2cc35.png\" alt=\"Beginners Guide To Nextcloud\" title=\"\"><\/p>\n<p><strong>Adding a new user\/group to Nextcloud<\/strong><\/p>\n<p>What wenn Sie want to add a new user to your account? With Nextcloud k\u00f6nnen Sie do it with a few steps.<\/p>\n<p>On the top-right section, klicken Sie auf your account and then klicken Sie auf the \u201cUsers\u201d tab from the menu.<\/p>\n<p><img decoding=\"async\" src=\"https:\/\/evoseedbox.com\/wp-content\/hochladens\/wiki\/dec7f2b28d7a089f.png\" alt=\"Beginners Guide To Nextcloud\" title=\"\"><\/p>\n<p>You will be able to see all the existing users from here and basic information like their Benutzername, group to which they belong, and space allocated to them.<\/p>\n<p>On the left sidebar, k\u00f6nnen Sie sehen a button to add a new user. Klicken Sie auf it.<\/p>\n<p>Then you will be asked to put down basic information about the user.<\/p>\n<p><img decoding=\"async\" src=\"https:\/\/evoseedbox.com\/wp-content\/hochladens\/wiki\/8a358c573dda90ac.png\" alt=\"Beginners Guide To Nextcloud\" title=\"\"><\/p>\n<p>Sobald Sie have added the info, klicken Sie auf the blue \u201ctick\u201d button to speichern the user. A new user is created.<\/p>\n<p>Wenn Sie want to remove or disable a user, then klicken Sie auf the 3 dots beside and user and w\u00e4hlen Sie any action you want to perform.<\/p>\n<p><img decoding=\"async\" src=\"https:\/\/evoseedbox.com\/wp-content\/hochladens\/wiki\/680ac89c79f99de5.png\" alt=\"Beginners Guide To Nextcloud\" title=\"\"><\/p>\n<p><strong>Tracking activity in the Nextcloud app.<\/strong><\/p>\n<p>Wenn Sie are the admin, then you need to be aware of all the things that are happening in your Nextcloud account.<\/p>\n<p>Just klicken Sie auf the \u201cActivity\u201d tab from the top-left menu and k\u00f6nnen Sie sehen all the activities.<\/p>\n<p><img decoding=\"async\" src=\"https:\/\/evoseedbox.com\/wp-content\/hochladens\/wiki\/34310e4871eecc98.png\" alt=\"Beginners Guide To Nextcloud\" title=\"\"><\/p>\n<p>That covers all the basic usage of the Nextclooud application. Sobald Sie start using it, you finden out how powerful it really is.<\/p>\n<p>And in case you have stuck anywhere, just hit us up using the chat or raise a ticket.<\/p>\n<p>We will guide you through.<\/p>\n","protected":false},"excerpt":{"rendered":"<p>Hey, so you want to use Ihrer Seedbox as a cloud sharing platform or to manage files and media remotely? Then this [&hellip;]<\/p>\n","protected":false},"author":1,"featured_media":0,"parent":15738,"menu_order":0,"comment_status":"closed","ping_status":"closed","template":"","meta":{"footnotes":""},"class_list":["post-16001","page","type-page","status-publish","hentry"],"_links":{"self":[{"href":"https:\/\/evoseedbox.com\/de\/wp-json\/wp\/v2\/pages\/16001","targetHints":{"allow":["GET"]}}],"collection":[{"href":"https:\/\/evoseedbox.com\/de\/wp-json\/wp\/v2\/pages"}],"about":[{"href":"https:\/\/evoseedbox.com\/de\/wp-json\/wp\/v2\/types\/page"}],"author":[{"embeddable":true,"href":"https:\/\/evoseedbox.com\/de\/wp-json\/wp\/v2\/users\/1"}],"replies":[{"embeddable":true,"href":"https:\/\/evoseedbox.com\/de\/wp-json\/wp\/v2\/comments?post=16001"}],"version-history":[{"count":0,"href":"https:\/\/evoseedbox.com\/de\/wp-json\/wp\/v2\/pages\/16001\/revisions"}],"up":[{"embeddable":true,"href":"https:\/\/evoseedbox.com\/de\/wp-json\/wp\/v2\/pages\/15738"}],"wp:attachment":[{"href":"https:\/\/evoseedbox.com\/de\/wp-json\/wp\/v2\/media?parent=16001"}],"curies":[{"name":"wp","href":"https:\/\/api.w.org\/{rel}","templated":true}]}}