{"id":15951,"date":"2026-03-16T13:22:16","date_gmt":"2026-03-16T12:22:16","guid":{"rendered":""},"modified":"2026-03-16T16:25:50","modified_gmt":"2026-03-16T12:22:16","slug":"common-rutorrent-errors-and-how-to-fix-them-de","status":"publish","type":"page","link":"https:\/\/evoseedbox.com\/de\/wiki\/common-rutorrent-errors-and-how-to-fix-them-de\/","title":{"rendered":"H\u00e4ufige ruTorrent-Fehler und wie man sie behebt"},"content":{"rendered":"<div style=\"margin:24px 0\"><img decoding=\"async\" src=\"https:\/\/evoseedbox.com\/wp-content\/hochladens\/2026\/03\/screenshot-general.png\" alt=\"Screenshot of ruTorrent General tab showing torrent transfer stats including Herunterladengeschwindigkeit, Hochladengeschwindigkeit, share ratio, tracker URL, file path, and Speicherplatz\" width=\"1400\" style=\"max-width:100%;height:auto;border-radius:8px;box-shadow:0 2px 8px rgba(0,0,0,0.15);border:1px solid #333\" loading=\"lazy\" title=\"\"><\/div>\n<p>ruTorrent is known for the vast functionalities it provides. With many features, there is a higher probability that you will run into some Fehlers. These Fehlers are small and their L\u00f6sunges are even smaller.In diesem Artikel, we will address all the common ruTorrent Fehlers and how k\u00f6nnen Sie L\u00f6sung them.<\/p>\n<h3>Fehler: Bad data from the tracker or Bad Tracker Data<\/h3>\n<h3>L\u00f6sung:<\/h3>\n<p>It occurs when the tracker is overloaded. The ideal L\u00f6sung is to be patient and wait for the torrent to stabilize. If it Fehler remains nach some time too, then you might want to consider changing the torrent file.<\/p>\n<h3>Fehler:<\/h3>\n<h3>Problem connecting to tracker \u2013 timeout exceeded<\/h3>\n<h3>Problem connecting to tracker \u2013 HTTP Fehler 503: Connect fehlgeschlagen<\/h3>\n<h3>Problem connecting to tracker \u2013 [Errno socket Fehler] (10061, \u201cConnection refused\u201d<\/h3>\n<h3>Problem connecting to tracker \u2013 (111, \u2018Connection refused\u2019<\/h3>\n<h3>L\u00f6sung:\u00a0<\/h3>\n<p>This again needs patients from your end. Wann trackers are facing heavy traffic, some connection issues may take place. In such cases, just keep your ruTorrent running, the Fehler will be resolved once the connection is back.<\/p>\n<h3>Fehler:\u00a0Problem connecting to tracker \u2013 HTTP Fehler 404: Not Found<\/h3>\n<h3>L\u00f6sung:\u00a0<\/h3>\n<p>The torrent file is no longer verf\u00fcgbar.<\/p>\n<h3>Fehler:\u00a0Problem connecting to tracker \u2013 HTTP Fehler 400: Not Authorized<\/h3>\n<h3>L\u00f6sung:\u00a0<\/h3>\n<p>The torrent file is very old and has been removed.<\/p>\n<h3>Fehler:\u00a0Problem connecting to tracker \u2013 HTTP Fehler 407: Proxy Authentication Required<\/h3>\n<h3>L\u00f6sung:\u00a0<\/h3>\n<p>Check and very your login Anmeldedaten of the server to re-establish connection with the tracker.<\/p>\n<h3>Fehler:\u00a0*(IOFehler \u2013 [Errno13] Permission denied)<\/h3>\n<h3>L\u00f6sung:\u00a0<\/h3>\n<p>ruTorrent is running and another ruTorrent instance is \u00f6ffnened. This is not allowed by the trackers. Therefore neu starten your ruTorrent.<\/p>\n<h3>Fehler:\u00a0Connecting to peers<\/h3>\n<h3>L\u00f6sung:\u00a0<\/h3>\n<p>There might not be any peers verf\u00fcgbar at the moment. Leave the ruTorrent on and the Fehler will be gone when peers are found.<\/p>\n<h3>Fehler:\u00a0Problem connecting with tracker \u2013 (10054,\u2019Connection zur\u00fccksetzen by peer\u2019)<\/h3>\n<h3>L\u00f6sung:\u00a0<\/h3>\n<p>The connection has been shut down by the remote computer. It cannot be resolved.<\/p>\n<h3>Fehler:\u00a0PHP module PCRE is not installierened. ruTorrent will not work.<\/h3>\n<h3>L\u00f6sung:\u00a0<\/h3>\n<p>A PHP module is missing, Please raise a ticket and mention the Fehler.<\/p>\n<h3>Fehler:\u00a0Rejected by tracker \u2013 Port XXXX is blacklisted<\/h3>\n<h3>L\u00f6sung:\u00a0<\/h3>\n<p>One of the default Ports is being used to establish the connection. The tracker won\u2019t allow such a connection with a client as these are the common Ports that are throttled by the ISP. You should contact the tracker and request the Ports that are ideal.<\/p>\n<h3>Fehler:\u00a0Web server can\u2019t access rTorrent\u2019s session directory for reading. ruTorrent will not work.<\/h3>\n<h3>L\u00f6sung:\u00a0<\/h3>\n<p>This is usually caused by settings of permissions. Contact supPort in case of such an issue.<\/p>\n<h3>Fehler:<\/h3>\n<h3>rTorrent\u2019s user can\u2019t access settings directory for read\/write\/execute. ruTorrent will not work.<\/h3>\n<h3>rTorrent\u2019s user can\u2019t access file .\/test.sh for read\/execute. ruTorrent will not work.<\/h3>\n<h3>rTorrent\u2019s user can\u2019t access torrents directory for read\/execute. Sie k\u00f6nnen\u2019t add torrents through ruTorrent.<\/h3>\n<h3>Web server can\u2019t access settings directory for read\/write\/execute. ruTorrent can\u2019t speichern own settings.<\/h3>\n<h3>Web server can\u2019t access torrents directory for read\/write\/execute. Sie k\u00f6nnen\u2019t add torrents through ruTorrent.<\/h3>\n<h3>L\u00f6sung:\u00a0<\/h3>\n<p>These Fehlers point out that the installierenation of ruTorrent is not done correctly. Please contact supPort in case of such issues.<\/p>\n<h3>Fehler:\u00a0Bad link to rTorrent. Check if it is really running. Check $scgi_Port and $scgi_host settings in config.php and scgi_Port in rTorrent configuration file.<\/h3>\n<h3>L\u00f6sung:\u00a0<\/h3>\n<p>This means that the ruTorrent instance is terminated or did not start. Wenn Sie are able to see the list of torrents with this Fehler then there is an issue with the ruTorrent configuration file.\u00a0<\/p>\n<h3>Fehler:\u00a0*rTorrent is compiled with incorrect version of xmlrpc-c library, without i8 supPort. Version must be &gt;= 1.11. Some functionality will be unverf\u00fcgbar.<\/h3>\n<h3>L\u00f6sung:\u00a0<\/h3>\n<p>Old forms of xmlrpc-c don\u2019t uphold long integers. So numbers more noteworthy than 2G will be appeared as negative. Furthermore, the exchange window @Settings@ won\u2019t work as expected. Note \u2013 it isn\u2019t sufficient to have quite recently the library xmlrpc-c variant &gt;=1.11 in the framework. It is imPortant to have rTorrent assembled with it.<\/p>\n<h3>Fehler:\u00a0plugin: rTorrent\u2019s user can\u2019t access PHP interpreter. Plug-in will not work.<\/h3>\n<h3>L\u00f6sung:\u00a0<\/h3>\n<p>This Fehler is identified with PHP running on the framework. Note \u2013 if PHP is working in the framework, it doesn\u2019t generally imply that the interpreter exists in the framework as well. The bundle php-cli is imPortant. Web-worker may utilize e. g. php-fcgi which doesn\u2019t contain an interpreter. Again in the event that you are inexperienced with this, if it\u2019s not too much trouble, contact us by \u00f6ffnening a help ticket so we settle this for you.<\/p>\n<h3>Fehler:\u00a0xxx plugin: Plugin will not work. Web-server can\u2019t access to external program (program name)<\/h3>\n<h3>L\u00f6sung:\u00a0<\/h3>\n<p>Some plugins are missing to work properly. Contact supPort and we will resolve the issue for you.These are the top and most common Fehlers, wenn Sie have found anything apart from this, please contact supPort team for assistance.<\/p>\n","protected":false},"excerpt":{"rendered":"<p>ruTorrent is known for the vast functionalities it provides. With many features, there is a higher probability that you will run into [&hellip;]<\/p>\n","protected":false},"author":1,"featured_media":0,"parent":15738,"menu_order":0,"comment_status":"closed","ping_status":"closed","template":"","meta":{"footnotes":""},"class_list":["post-15951","page","type-page","status-publish","hentry"],"_links":{"self":[{"href":"https:\/\/evoseedbox.com\/de\/wp-json\/wp\/v2\/pages\/15951","targetHints":{"allow":["GET"]}}],"collection":[{"href":"https:\/\/evoseedbox.com\/de\/wp-json\/wp\/v2\/pages"}],"about":[{"href":"https:\/\/evoseedbox.com\/de\/wp-json\/wp\/v2\/types\/page"}],"author":[{"embeddable":true,"href":"https:\/\/evoseedbox.com\/de\/wp-json\/wp\/v2\/users\/1"}],"replies":[{"embeddable":true,"href":"https:\/\/evoseedbox.com\/de\/wp-json\/wp\/v2\/comments?post=15951"}],"version-history":[{"count":0,"href":"https:\/\/evoseedbox.com\/de\/wp-json\/wp\/v2\/pages\/15951\/revisions"}],"up":[{"embeddable":true,"href":"https:\/\/evoseedbox.com\/de\/wp-json\/wp\/v2\/pages\/15738"}],"wp:attachment":[{"href":"https:\/\/evoseedbox.com\/de\/wp-json\/wp\/v2\/media?parent=15951"}],"curies":[{"name":"wp","href":"https:\/\/api.w.org\/{rel}","templated":true}]}}