{"id":15931,"date":"2026-03-16T13:22:16","date_gmt":"2026-03-16T12:22:16","guid":{"rendered":""},"modified":"2026-03-16T16:25:50","modified_gmt":"2026-03-16T12:22:16","slug":"how-to-use-your-seedbox-dashboard-de","status":"publish","type":"page","link":"https:\/\/evoseedbox.com\/de\/wiki\/how-to-use-your-seedbox-dashboard-de\/","title":{"rendered":"So verwenden Sie Ihr Seedbox-Dashboard"},"content":{"rendered":"<div style=\"margin:24px 0\"><img decoding=\"async\" src=\"https:\/\/evoseedbox.com\/wp-content\/hochladens\/2026\/03\/screenshot-general.png\" alt=\"Screenshot of ruTorrent General tab showing torrent transfer stats including Herunterladengeschwindigkeit, Hochladengeschwindigkeit, share ratio, tracker URL, file path, and Speicherplatz\" width=\"1400\" style=\"max-width:100%;height:auto;border-radius:8px;box-shadow:0 2px 8px rgba(0,0,0,0.15);border:1px solid #333\" loading=\"lazy\" title=\"\"><\/div>\n<div style=\"margin:24px 0\"><img decoding=\"async\" src=\"https:\/\/evoseedbox.com\/wp-content\/hochladens\/2026\/03\/seedbox-dashboard-layout.png\" alt=\"Annotated diagram of EvoSeedbox-Dashboard showing Anmeldedaten, web access, server info, and installierened apps sections\" width=\"1200\" style=\"max-width:100%;height:auto;border-radius:8px;box-shadow:0 2px 8px rgba(0,0,0,0.1)\" loading=\"lazy\" title=\"\"><\/div>\n<p>Das Seedbox-Dashboard ist der Ort, von dem aus Sie auf Ihre Seedbox zugreifen k\u00f6nnen. Sie k\u00f6nnen Anwendungen hinzuf\u00fcgen\/entfernen, ruTorrent verwenden und Ihre Seedbox \u00fcberwachen.Through this article we\u2019ll guide you how to use Seedbox-Dashboard.<\/p>\n<ul>\n<li>\n<li>Sie k\u00f6nnen \u00fcber den Link und das Passwort aus der Willkommens-E-Mail auf Ihr Dashboard zugreifen.\n<p>Das Anmeldefenster wird unten gezeigt:<\/li>\n<\/li>\n<\/ul>\n<p><img decoding=\"async\" src=\"https:\/\/evoseedbox.com\/wp-content\/hochladens\/wiki\/62e4b45c8cab611e.png\" alt=\"So k\u00f6nnen Sie Use Ihre Seedbox Dashboard\" title=\"\"><\/p>\n<p>\nGeben Sie Ihre Anmeldedaten ein und klicken Sie auf Anmelden.<\/p>\n<p>Nach erfolgreicher Anmeldung sehen Sie den Kundenbereich mit der Konto\u00fcbersicht. Details wie Dienste, Angebote, SupPort-Tickets und Rechnungen sind im Kundenbereich verf\u00fcgbar.<\/p>\n<p><img decoding=\"async\" src=\"https:\/\/evoseedbox.com\/wp-content\/hochladens\/wiki\/fbfc8a6f135b99ca.png\" alt=\"So k\u00f6nnen Sie Use Ihre Seedbox Dashboard\" title=\"\"><\/p>\n<p>\nKlicken Sie auf die Registerkarte Dienste, um die verf\u00fcgbaren Dienste zu \u00f6ffnen and und klicken Sie auf den Dienststatus, um den gew\u00fcnschten Dienst zu \u00f6ffnen.<\/p>\n<p><img decoding=\"async\" src=\"https:\/\/evoseedbox.com\/wp-content\/hochladens\/wiki\/9455e8d1a95ce508.png\" alt=\"So k\u00f6nnen Sie Use Ihre Seedbox Dashboard\" title=\"\"><\/p>\n<p>\nDas n\u00e4chste Fenster ist das Dashboard Ihrer Seedbox where k\u00f6nnen Sie look and access \u00a0various details from your plan \u00a0to the HDD quota and other useful information<\/p>\n<ul>\n<li>\n<li>Details zur Hochladen-Datenlimitierung.<\/li>\n<\/li>\n<\/ul>\n<p><img decoding=\"async\" src=\"https:\/\/evoseedbox.com\/wp-content\/hochladens\/wiki\/2029f21a5e746b6f.png\" alt=\"So k\u00f6nnen Sie Use Ihre Seedbox Dashboard\" title=\"\"><\/p>\n<ul>\n<li>\n<li>\u00a0Electorrent einrichten \u2013 Anleitung zur Einrichtung von Electorrent auf Ihrem PC, verbunden mit ruTorrent auf der Seedbox, um Torrents ohne direkten ruTorrent-Zugriff zu verwalten.<\/li>\n<\/li>\n<\/ul>\n<p><img decoding=\"async\" src=\"https:\/\/evoseedbox.com\/wp-content\/hochladens\/wiki\/4eb169a226555bc3.png\" alt=\"So k\u00f6nnen Sie Use Ihre Seedbox Dashboard\" title=\"\"><\/p>\n<p><img decoding=\"async\" src=\"https:\/\/evoseedbox.com\/wp-content\/hochladens\/wiki\/fa12d561d5247729.png\" alt=\"So k\u00f6nnen Sie Use Ihre Seedbox Dashboard\" title=\"\"><\/p>\n<ul>\n<li>\n<li>Zugriff auf Ihre Systemsteuerung.<\/li>\n<ul>\n<li>\n<li><strong>FTP-Details<\/strong><\/li>\n<ul>\n<li>\n<li>Benutzername<\/li>\n<\/li>\n<li>\n<li>Passwort<\/li>\n<\/li>\n<li>\n<li>SFTP\/FTP-Port<\/li>\n<\/li>\n<li>\n<li>FTP client \u2013\u00a0Sie k\u00f6nnen herunterladen LFTP client for seedbox access by clicking on the herunterladen button.<\/li>\n<\/li>\n<li>\n<li>Hostname<\/li>\n<\/li>\n<\/ul>\n<\/li>\n<\/ul>\n<\/li>\n<\/ul>\n<p><img decoding=\"async\" src=\"https:\/\/evoseedbox.com\/wp-content\/hochladens\/wiki\/a00166d824943fa7.jpg\" alt=\"So k\u00f6nnen Sie Use Ihre Seedbox Dashboard\" title=\"\"><\/p>\n<p>\n<strong>ruTorrent<\/strong><\/p>\n<ul>\n<li>\n<li>Upgrade\/Downgrade \u2013\u00a0Used for plan upgrade and downgrade.<\/li>\n<\/li>\n<li>\n<li>HDD Quota \u2013\u00a0Gives details about the current HDD usage.<\/li>\n<\/li>\n<li>\n<li>ruTorrent \u00f6ffnen\/neu starten\u00a0<\/li>\n<\/li>\n<li>\n<li>Zur\u00fccksetzen IRSSI \u2013\u00a0Used for any Fehler pertaining to torrent herunterladen<\/li>\n<\/li>\n<li>\n<li>Zur\u00fccksetzen Session \u2013\u00a0Zur\u00fccksetzens rutorrent which clears currently added torrents<\/li>\n<\/li>\n<li>\n<li>Passwort \u00e4ndern \u2013 Zum Zur\u00fccksetzen des ruTorrent-Passworts.<\/li>\n<\/li>\n<\/ul>\n<p><img decoding=\"async\" src=\"https:\/\/evoseedbox.com\/wp-content\/hochladens\/wiki\/e83fb8935a74c66e.jpg\" alt=\"So k\u00f6nnen Sie Use Ihre Seedbox Dashboard\" title=\"\"><\/p>\n<ul>\n<li>\n<li><strong>Webzugriff:<\/strong>Hier findenen Sie alle Methoden, um direkt von Ihrem Computer auf die Seedbox-Dateien zuzugreifen.<\/li>\n<ul>\n<li>\n<li>File Manager \u2013\u00a0\u00d6ffnens file gator file manager<\/li>\n<\/li>\n<li>\n<li>Direct HTTP access \u2013\u00a0Provides direct browser-based HTTP access to Ihrer Seedbox.<\/li>\n<\/li>\n<li>\n<li>Direct FTP access \u2013 \u00a0Provides FTP client-based access to Ihrer Seedbox. In unseren aktuellen Tarifen werden FileZilla und lftp (WinSCP) angeboten.\n<\/li>\n<\/li>\n<\/ul>\n<\/li>\n<li>\n<li><strong>Google Drive:<\/strong>\u00a0\u00a0This button is used o setup google drive for hochladening files from seedbox to your google drive.<\/li>\n<\/li>\n<\/ul>\n<p><img decoding=\"async\" src=\"https:\/\/evoseedbox.com\/wp-content\/hochladens\/wiki\/a884a17b0c0bafb1.png\" alt=\"So k\u00f6nnen Sie Use Ihre Seedbox Dashboard\" title=\"\"><\/p>\n<p><strong>Installierened Apps:\u00a0<\/strong>It lists and provides access to the installierened apps.Sie k\u00f6nnen also neu starten and remove the apps from this section itself.\u00a0<\/p>\n<p><img decoding=\"async\" src=\"https:\/\/evoseedbox.com\/wp-content\/hochladens\/wiki\/4dcfe4829ea632a1.jpg\" alt=\"So k\u00f6nnen Sie Use Ihre Seedbox Dashboard\" title=\"\"><\/p>\n<p>\n<strong>Help\/Knowledge Base:<\/strong>\u00a0\u00d6ffnens the starters guide to Evoseedbox. It gets you along with the basics of rutorrent , Apps Tutorials, and common Fehler L\u00f6sunges.<\/p>\n<p><img decoding=\"async\" src=\"https:\/\/evoseedbox.com\/wp-content\/hochladens\/wiki\/df4c9a3446bba933.png\" alt=\"So k\u00f6nnen Sie Use Ihre Seedbox Dashboard\" title=\"\"><\/p>\n<p>\n<strong>Apps Section:<\/strong>\u00a0It provides all the apps verf\u00fcgbar in your plan and k\u00f6nnen Sie installieren any app with one-click.Sie k\u00f6nnen also suchen for an using the suchen section. It also has options to installieren, reinstallieren, and uninstallieren the app while keeping the config and removing the existing config.<br \/>\nSie k\u00f6nnen also aktualisieren the app from here just with one-click. Wenn Sie want to back-up the existing config k\u00f6nnen Sie do so by clicking on the back-up option.<\/p>\n<p><img decoding=\"async\" src=\"https:\/\/evoseedbox.com\/wp-content\/hochladens\/wiki\/f6fb6af45f43b35c.png\" alt=\"So k\u00f6nnen Sie Use Ihre Seedbox Dashboard\" title=\"\"><\/p>\n<p>\nBasic Seedbox details:<\/p>\n<ul>\n<li>\n<li>Registration Date<\/li>\n<\/li>\n<li>\n<li>Package<\/li>\n<\/li>\n<li>\n<li>Server<\/li>\n<\/li>\n<li>\n<li>Billing cycle<\/li>\n<\/li>\n<li>\n<li>Status<\/li>\n<\/li>\n<li>\n<li>Payment method<\/li>\n<\/li>\n<li>\n<li>Next due date<\/li>\n<\/li>\n<\/ul>\n<p><img decoding=\"async\" src=\"https:\/\/evoseedbox.com\/wp-content\/hochladens\/wiki\/88ab70efd7d188a7.png\" alt=\"So k\u00f6nnen Sie Use Ihre Seedbox Dashboard\" title=\"\"><\/p>\n<p>\n<strong>Services Tab<\/strong>: It lists all the services verf\u00fcgbar and k\u00f6nnen Sie also order new services from here.<\/p>\n<p><img decoding=\"async\" src=\"https:\/\/evoseedbox.com\/wp-content\/hochladens\/wiki\/961349406e9d4afa.png\" alt=\"So k\u00f6nnen Sie Use Ihre Seedbox Dashboard\" title=\"\"><\/p>\n<p>\n<strong>Billing Tab<\/strong>: It provides details of all the invoices, your quotes, \u00a0mass payment and payment methods. Sie k\u00f6nnen also add funds from here.<\/p>\n<p><img decoding=\"async\" src=\"https:\/\/evoseedbox.com\/wp-content\/hochladens\/wiki\/c1d788e6e7e18d20.png\" alt=\"So k\u00f6nnen Sie Use Ihre Seedbox Dashboard\" title=\"\"><\/p>\n<p><strong>SupPort Tab<\/strong>\u00a0: \u00a0From this tab k\u00f6nnen Sie sehen the status of all the tickets raised .See the latest announcements and refer to our knowledge base for guidance. Sie k\u00f6nnen also see the network status and herunterladens.<\/p>\n<p><img decoding=\"async\" src=\"https:\/\/evoseedbox.com\/wp-content\/hochladens\/wiki\/53f39ba309646b1e.png\" alt=\"So k\u00f6nnen Sie Use Ihre Seedbox Dashboard\" title=\"\"><\/p>\n<p>\n<strong>\u00d6ffnen Ticket<\/strong>: From \u00a0here k\u00f6nnen Sie raise \u00a0a ticket wenn Sie have any technical issue or a billing related query or a general customer supPort query.<\/p>\n<p><img decoding=\"async\" src=\"https:\/\/evoseedbox.com\/wp-content\/hochladens\/wiki\/05a3e59590e97269.png\" alt=\"So k\u00f6nnen Sie Use Ihre Seedbox Dashboard\" title=\"\"><\/p>\n<p><img decoding=\"async\" src=\"https:\/\/evoseedbox.com\/wp-content\/hochladens\/wiki\/d3dbe222e10f1e2d.png\" alt=\"So k\u00f6nnen Sie Use Ihre Seedbox Dashboard\" title=\"\"><\/p>\n","protected":false},"excerpt":{"rendered":"<p>Das Seedbox-Dashboard ist der Ort, von dem aus Sie auf Ihre Seedbox zugreifen k\u00f6nnen. Sie k\u00f6nnen Anwendungen hinzuf\u00fcgen\/entfernen, ruTorrent verwenden und Ihre [&hellip;]<\/p>\n","protected":false},"author":1,"featured_media":0,"parent":15738,"menu_order":0,"comment_status":"closed","ping_status":"closed","template":"","meta":{"footnotes":""},"class_list":["post-15931","page","type-page","status-publish","hentry"],"_links":{"self":[{"href":"https:\/\/evoseedbox.com\/de\/wp-json\/wp\/v2\/pages\/15931","targetHints":{"allow":["GET"]}}],"collection":[{"href":"https:\/\/evoseedbox.com\/de\/wp-json\/wp\/v2\/pages"}],"about":[{"href":"https:\/\/evoseedbox.com\/de\/wp-json\/wp\/v2\/types\/page"}],"author":[{"embeddable":true,"href":"https:\/\/evoseedbox.com\/de\/wp-json\/wp\/v2\/users\/1"}],"replies":[{"embeddable":true,"href":"https:\/\/evoseedbox.com\/de\/wp-json\/wp\/v2\/comments?post=15931"}],"version-history":[{"count":0,"href":"https:\/\/evoseedbox.com\/de\/wp-json\/wp\/v2\/pages\/15931\/revisions"}],"up":[{"embeddable":true,"href":"https:\/\/evoseedbox.com\/de\/wp-json\/wp\/v2\/pages\/15738"}],"wp:attachment":[{"href":"https:\/\/evoseedbox.com\/de\/wp-json\/wp\/v2\/media?parent=15931"}],"curies":[{"name":"wp","href":"https:\/\/api.w.org\/{rel}","templated":true}]}}