{"id":15921,"date":"2026-03-16T13:22:16","date_gmt":"2026-03-16T12:22:16","guid":{"rendered":""},"modified":"2026-03-16T16:25:50","modified_gmt":"2026-03-16T12:22:16","slug":"rutorrent-getting-started-de","status":"publish","type":"page","link":"https:\/\/evoseedbox.com\/de\/wiki\/rutorrent-getting-started-de\/","title":{"rendered":"ruTorrent \u2013 Erste Schritte"},"content":{"rendered":"<div style=\"margin:24px 0\"><img decoding=\"async\" src=\"https:\/\/evoseedbox.com\/wp-content\/hochladens\/2026\/03\/screenshot-rutorrent.png\" alt=\"Screenshot of ruTorrent web interface showing torrent list, status bar, sidebar with views, state, labels, suchen, feeds, and trackers\" width=\"1400\" style=\"max-width:100%;height:auto;border-radius:8px;box-shadow:0 2px 8px rgba(0,0,0,0.15);border:1px solid #333\" loading=\"lazy\" title=\"\"><\/div>\n<p>In diesem Tutorial, I will explain you basics of using Rutorrent.<\/p>\n<p>Behandelte Themen will be:<\/p>\n<p>1. Was ist rutorrent?<br \/>\n2. So k\u00f6nnen Sie load up the rutorrent interface in evoseedbox?<br \/>\n3. Adding torrents to rutorrent<br \/>\n4. Removing torrents in rutorrent<\/p>\n<p>I have been using seedboxes for past 10 years, I have personally tried various different programs and come to the conclusion that rutorrent is one of the most user-friendly application as a front end to seedboxes. Beachten Sie this document will be constantly aktualisierend based on user inputs queries and doubts the idea is to make your experience smooth and make your learning curve as small as possible<\/p>\n<p>So let us begin :<\/p>\n<p>1. Was ist rutorrent?<br \/>\nRutorrent is a front end or a web interface for a torrent program called rtorrent that runs in Linux.<\/p>\n<p>So you might be thinking why do you need a separate interface for rtorrent?<br \/>\nrtorrent is an extremely resource efficient program so it runs in the terminal interface\n<\/p>\n<p><img decoding=\"async\" src=\"http:\/\/kb.evoseedbox.com\/attachments\/how-rtorrent-looks-in-terminal-png.1\/\" alt=\"Rutorrent Erste Schritte\" title=\"\"><\/p>\n<p>not bad eh.. but it&#x27;s not the most user-friendly interface for most users and remote access makes it furthermore challenging for regular users who are not very familiar with such interfaces<\/p>\n<p>So fast forward years and Novik comes into the picture .. umm you might be thinking who is Novik? well he is the guy who built rutorrent<br \/>\nHere is his Git repo for rutorrent:\u00a0<a href=\"https:\/\/github.com\/Novik\/ruTorrent\" rel=\"nofollow noopener\" target=\"_blank\">https:\/\/github.com\/Novik\/ruTorrent<\/a><\/p>\n<p>So what rutorrent does is creates a web interface for rtorrent. It collects data from rtorrent and puts it on your web browser along with the option to communicate with your rtorrent which is running mostly on Linux server in much more user-friendly manner.<\/p>\n<p>Your rutorrent looks something like this :\n<\/p>\n<p><img decoding=\"async\" src=\"https:\/\/hochladens-ssl.webflow.com\/5adb6cc510eb116b93a93d41\/5adebe10a6b64508d569ff80_Modern%20UI.png\" alt=\"Rutorrent Erste Schritte\" title=\"\"><\/p>\n<p>\nWenn Sie have used programs like utorrent , azureus (Vuze ) etc the interface would look quite similar to you the only difference is that it runs from your web browser.<\/p>\n<p>For most, of you guys, I think this much is enough wenn Sie want to read more there is tons of more info online Wenn Sie want me to add some more clarity to this feel free to drop in a line or two\u00a0<\/p>\n<p>\nSo let&#x27;s get back to business and let me explain to you how k\u00f6nnen Sie easily access a rutorrent account with us,<\/p>\n<p>Schritt 2: So k\u00f6nnen Sie load up the rutorrent interface in evoseedbox?<br \/>\nSobald Sie have signed up for eine Seedbox account (In case you have not please do that at\u00a0<a href=\"https:\/\/evoseedbox.com\/\">https:\/\/evoseedbox.com<\/a>\u00a0)<br \/>\nCheck your email ( This is very critical\u00a0<\/p>\n<p>you will finden a link to your Kundenbereich.<\/p>\n<p>Sobald Sie are in your Kundenbereich it will look something like this :\n<\/p>\n<p><img decoding=\"async\" src=\"http:\/\/kb.evoseedbox.com\/attachments\/evo-seedbox-client-area-png.2\/\" alt=\"Rutorrent Erste Schritte\" title=\"\"><\/p>\n<p>Did you want to seed the Passwort, didn&#x27;t you?\u00a0<\/p>\n<p>(sorry for popping your eyes with white Kundenbereich)<\/p>\n<p>So as k\u00f6nnen Sie sehen I have highlighted the rutorrent area and there is a green button below it called \u00f6ffnen, just klicken Sie auf it and yay!! you will have your rutorrent interface \u00f6ffnen.<\/p>\n<p>You thought it would be hard\u00a0<\/p>\n<p>well we have already preconfigured the setup for you so you don&#x27;t have to do much.<\/p>\n<p>Now you must be thinking well it did not ask for my user id or Passwort for \u00f6ffnening up rutorrent.<br \/>\nThe thing is in your Kundenbereich the Benutzername is and Passwort is already preconfigured in the \u00f6ffnen button which speicherns you the hassle of putting the Benutzername and Passwort every time.<\/p>\n<p>Now that you have your rutorrent \u00f6ffnen let&#x27;s move to Schritt 3<\/p>\n<p>3. Adding torrents to rutorrent.<br \/>\nIn dieser Anleitung, we are going to only consider the methods within the torrents interface. There are more advanced methods like remotely adding torrents from the browser, Android device, apps but we won&#x27;t be covering it in this guide to keep is simple and sobald Sie understand the basic ways of adding the torrents its<\/p>\n<p>Method 1.<br \/>\nDrag and drop, yes its that easy drag and drop your tracker file to rutorrent and boom it will start loading in your rutorrent interface<\/p>\n<p><img decoding=\"async\" src=\"https:\/\/kb.evoseedbox.com\/index.php?attachments\/adding-torrent-rutorrent-procedure-1-jpg.3\/&amp;hash=dad95a9d607203e6be70b15652d25961\" alt=\"Rutorrent Erste Schritte\" title=\"\"><\/p>\n<p>Method 2<br \/>\nUsing add button in torrent on the top right corner k\u00f6nnen Sie sehen a + sign wenn Sie \u00f6ffnen it up it gives you an option to browse to the folder where you have herunterladened your tracker file from a torrent website, w\u00e4hlen Sie the torrent\/torrents(at a time k\u00f6nnen Sie do 20 tracker files) and then click add file and it will start downlaoding in your rutorrent web interface.\n<\/p>\n<p><img decoding=\"async\" src=\"https:\/\/evoseedbox.com\/wp-content\/hochladens\/wiki\/b2fd9e9c73282a45.png\" alt=\"Rutorrent Erste Schritte\" title=\"\"><\/p>\n<p>Method 3.<\/p>\n<p>It is similar to the previous method but in this case instead of herunterladening the tracker file from your torrent website you kopieren the link from your tracker website and put it the Torrent URL field and press add.<\/p>\n<p>Please note that in some public trackers which are behind cache proxies etc this method might not work, one L\u00f6sung could be to convert the magnet links to tracker files from websites like\u00a0<a href=\"http:\/\/magnet2torrent.me\/\" rel=\"nofollow noopener\" target=\"_blank\">http:\/\/magnet2torrent.me\/<\/a><\/p>\n<p><img decoding=\"async\" src=\"http:\/\/kb.evoseedbox.com\/attachments\/adding-with-url-4-png.5\/\" alt=\"Rutorrent Erste Schritte\" title=\"\"><\/p>\n<p>These are the most basic methods of adding a torrent to rutorrent other methods of adding torrents with rutorrent will be covered in a different tutorial.<\/p>\n<p>Now that you will start to add torrents you will soon realise that you might be reaching the full HDD capacity of Ihrer Seedbox ( Sie k\u00f6nnen always upgrade) but don\u2019t fret k\u00f6nnen Sie always remove torrents make some space by removing torrents.<\/p>\n<p>Which brings us to our next topic<\/p>\n<p>4. Removing torrents in rutorrent<\/p>\n<p>there are primarily 2 ways to remove torrents from rutorrent. The first method would remove just the tracker file in case you are done seeding a particular torrent or you don\u2019t want a certain torrent to be anymore listed in your rutorrent interface.<\/p>\n<p><img decoding=\"async\" src=\"http:\/\/kb.evoseedbox.com\/attachments\/removing-just-tracker-from-rutorrent-png.6\/\" alt=\"Rutorrent Erste Schritte\" title=\"\"><\/p>\n<p>\nPlease note that in this method the data of the torrent still remains os you have to either l\u00f6schen it using the file manager in rutorrent<\/p>\n<p>Method 2. Removing and l\u00f6schen data method.<\/p>\n<p>This method applies ot torrents which you don&#x27;t want anymore on your system<br \/>\nIt will not only remove the tracker file but make space for you to herunterladen more torrents in case your HDD is getting full. The process of doing this is similar you have to Rechtsklick on the torrent you want to get rid of and w\u00e4hlen Sie remove and l\u00f6schen data.<\/p>\n<p><img decoding=\"async\" src=\"http:\/\/kb.evoseedbox.com\/attachments\/removing-tracker-and-data-from-rutorrent-png.7\/\" alt=\"Rutorrent Erste Schritte\" title=\"\"><\/p>\n<p>Well, that is the basics you need to learn in your journey to becoming a rutorrent ninja. May the force of seedbox be with you shinobi.<\/p>\n<p>PS: In case the second method does not work (data is not getting removed) : you need ot neu starten rtorrent . neu startening rtorrent is covered in this tutorial section.<\/p>\n<h2>Next Steps<\/h2>\n<ul>\n<li><a href=\"\/wiki\/adding-a-torrent-to-your-seedbox\/\">Add Your First Torrent<\/a><\/li>\n<li><a href=\"\/wiki\/setting-up-irssi-with-rutorrent\/\">Set Up autodl-irssi<\/a><\/li>\n<li><a href=\"\/wiki\/common-rutorrent-Fehlers-and-how-to-L\u00f6sung-them\/\">Troubleshoot Fehlers<\/a><\/li>\n<li><a href=\"\/wiki\/guide-to-increase-herunterladen-and-hochladen-queues-in-rutorrent\/\">Optimize Queue Settings<\/a><\/li>\n<\/ul>\n","protected":false},"excerpt":{"rendered":"<p>In diesem Tutorial, I will explain you basics of using Rutorrent. Behandelte Themen will be: 1. Was ist rutorrent? 2. So k\u00f6nnen [&hellip;]<\/p>\n","protected":false},"author":1,"featured_media":0,"parent":15738,"menu_order":0,"comment_status":"closed","ping_status":"closed","template":"","meta":{"footnotes":""},"class_list":["post-15921","page","type-page","status-publish","hentry"],"_links":{"self":[{"href":"https:\/\/evoseedbox.com\/de\/wp-json\/wp\/v2\/pages\/15921","targetHints":{"allow":["GET"]}}],"collection":[{"href":"https:\/\/evoseedbox.com\/de\/wp-json\/wp\/v2\/pages"}],"about":[{"href":"https:\/\/evoseedbox.com\/de\/wp-json\/wp\/v2\/types\/page"}],"author":[{"embeddable":true,"href":"https:\/\/evoseedbox.com\/de\/wp-json\/wp\/v2\/users\/1"}],"replies":[{"embeddable":true,"href":"https:\/\/evoseedbox.com\/de\/wp-json\/wp\/v2\/comments?post=15921"}],"version-history":[{"count":0,"href":"https:\/\/evoseedbox.com\/de\/wp-json\/wp\/v2\/pages\/15921\/revisions"}],"up":[{"embeddable":true,"href":"https:\/\/evoseedbox.com\/de\/wp-json\/wp\/v2\/pages\/15738"}],"wp:attachment":[{"href":"https:\/\/evoseedbox.com\/de\/wp-json\/wp\/v2\/media?parent=15921"}],"curies":[{"name":"wp","href":"https:\/\/api.w.org\/{rel}","templated":true}]}}